{"id":742,"date":"2025-05-16T06:15:47","date_gmt":"2025-05-16T06:15:47","guid":{"rendered":"https:\/\/www.lechaocandy.com\/?post_type=product&#038;p=742"},"modified":"2025-05-16T06:22:47","modified_gmt":"2025-05-16T06:22:47","slug":"marshmallow-twists-bulk","status":"publish","type":"product","link":"https:\/\/www.lechaocandy.com\/fr\/produit\/marshmallow-twists-bulk\/","title":{"rendered":"LeChao Long Marshmallow Twists Bulk, Marshmallows Wholesale"},"content":{"rendered":"<div class=\"wp-block-columns is-layout-flex wp-container-core-columns-is-layout-9d6595d7 wp-block-columns-is-layout-flex\"><div class=\"wp-block-column is-layout-flow wp-block-column-is-layout-flow\"><h2 class=\"wp-block-heading\">Points forts du produit Long Marshmallow Twists en vrac<\/h2>\n\n<ul class=\"wp-block-list\"><li><strong>Forme torsad\u00e9e color\u00e9e :<\/strong> Nos longues torsades de guimauve en vrac ont des couleurs vives et des formes uniques, qui sont tr\u00e8s attrayantes et am\u00e9liorent l'effet de pr\u00e9sentation du produit.<\/li>\n\n<li><strong>Go\u00fbt doux et dense : <\/strong>La longue bande de ces guimauves en gros apporte une exp\u00e9rience de mastication plus riche, moelleuse et douce, et fond dans la bouche.<\/li>\n\n<li><strong>Convient \u00e0 une vari\u00e9t\u00e9 de sc\u00e9narios de desserts : <\/strong>Nos torsades de guimauve en vrac conviennent aux snacks vendus au d\u00e9tail, aux bo\u00eetes-cadeaux pour les f\u00eates, aux desserts de f\u00eate, aux d\u00e9corations de p\u00e2tisserie et \u00e0 d'autres besoins divers.<\/li>\n\n<li><strong>Prise en charge de plusieurs sp\u00e9cifications en gros : <\/strong>Nos bonbons \u00e0 la guimauve en gros peuvent \u00eatre personnalis\u00e9s en termes de longueur, de couleur et de style d'emballage afin de r\u00e9pondre aux diff\u00e9rents positionnements sur le march\u00e9 et aux pr\u00e9f\u00e9rences des clients.<\/li>\n\n<li><strong>Assurance qualit\u00e9 Certification internationale :<\/strong> Nos torsades de guimauve en vrac ont obtenu la certification ISO et d'autres certifications de s\u00e9curit\u00e9 alimentaire et de syst\u00e8me de qualit\u00e9 afin de garantir que le produit est stable, s\u00fbr et adapt\u00e9 \u00e0 l'exportation vers le march\u00e9 mondial.<\/li><\/ul><\/div>\n\n<div class=\"wp-block-column is-layout-flow wp-block-column-is-layout-flow\"><figure class=\"wp-block-image size-full\"><img decoding=\"async\" width=\"800\" height=\"800\" src=\"https:\/\/www.lechaocandy.com\/wp-content\/uploads\/2025\/05\/LeChao-Long-Marshmallow-Twists-Bulk-Marshmallows-Wholesale-2.webp\" alt=\"LeChao Long Marshmallow Twists Bulk, Guimauves en gros-2\" class=\"wp-image-744\" srcset=\"https:\/\/www.lechaocandy.com\/wp-content\/uploads\/2025\/05\/LeChao-Long-Marshmallow-Twists-Bulk-Marshmallows-Wholesale-2.webp 800w, https:\/\/www.lechaocandy.com\/wp-content\/uploads\/2025\/05\/LeChao-Long-Marshmallow-Twists-Bulk-Marshmallows-Wholesale-2-300x300.webp 300w, https:\/\/www.lechaocandy.com\/wp-content\/uploads\/2025\/05\/LeChao-Long-Marshmallow-Twists-Bulk-Marshmallows-Wholesale-2-150x150.webp 150w, https:\/\/www.lechaocandy.com\/wp-content\/uploads\/2025\/05\/LeChao-Long-Marshmallow-Twists-Bulk-Marshmallows-Wholesale-2-768x768.webp 768w, https:\/\/www.lechaocandy.com\/wp-content\/uploads\/2025\/05\/LeChao-Long-Marshmallow-Twists-Bulk-Marshmallows-Wholesale-2-600x600.webp 600w, https:\/\/www.lechaocandy.com\/wp-content\/uploads\/2025\/05\/LeChao-Long-Marshmallow-Twists-Bulk-Marshmallows-Wholesale-2-100x100.webp 100w\" sizes=\"(max-width: 800px) 100vw, 800px\" \/><\/figure><\/div><\/div>","protected":false},"excerpt":{"rendered":"<p>Bienvenue pour acheter des bonbons \u00e0 la guimauve en gros. Nos longues torsades de guimauve en vrac sont douces, moelleuses, denses et visuellement attrayantes. Elles conviennent parfaitement \u00e0 l'emballage de d\u00e9tail, aux bonbons de f\u00eate, aux bo\u00eetes-cadeaux et \u00e0 d'autres sc\u00e9narios, et constituent un choix id\u00e9al pour les grossistes.<\/p>\n<table style=\"border-collapse: collapse; width: 329.02pt;\" border=\"0\" width=\"329\" cellspacing=\"0\" cellpadding=\"0\">\n<tbody>\n<tr style=\"height: 17.60pt;\">\n<td class=\"et2\" style=\"height: 17.60pt; width: 110.80pt;\" width=\"110\" height=\"17\">Fabricant<\/td>\n<td class=\"et2\" style=\"width: 219.15pt;\" width=\"219\">LeChao Candy<\/td>\n<\/tr>\n<tr style=\"height: 18.00pt;\">\n<td class=\"et2\" style=\"height: 18.00pt;\" height=\"18\">Type de produit<\/td>\n<td class=\"et3\" style=\"width: 219.15pt;\" width=\"219\">Longues torsades de guimauve<\/td>\n<\/tr>\n<tr style=\"height: 18.00pt;\">\n<td class=\"et2\" style=\"height: 18.00pt;\" height=\"18\">Le go\u00fbt<\/td>\n<td class=\"et3\" style=\"width: 219.15pt;\" width=\"219\">Doux et sucr\u00e9<\/td>\n<\/tr>\n<tr style=\"height: 17.60pt;\">\n<td class=\"et2\" style=\"height: 17.60pt;\" height=\"17\">Sp\u00e9cifications<\/td>\n<td class=\"et2\">20gX24pcsX12bo\u00eetes<\/td>\n<\/tr>\n<tr style=\"height: 17.60pt;\">\n<td class=\"et2\" style=\"height: 17.60pt;\" height=\"17\">Taille du carton<\/td>\n<td class=\"et2\">50X33X25cm<\/td>\n<\/tr>\n<tr style=\"height: 17.60pt;\">\n<td class=\"et2\" style=\"height: 17.60pt;\" height=\"17\">N.W.\/Carton<\/td>\n<td class=\"et2\">8,0 kg<\/td>\n<\/tr>\n<tr style=\"height: 17.60pt;\">\n<td class=\"et2\" style=\"height: 17.60pt;\" height=\"17\">Prix<\/td>\n<td class=\"et2\">22,5-24USD<\/td>\n<\/tr>\n<tr style=\"height: 17.60pt;\">\n<td class=\"et2\" style=\"height: 17.60pt;\" height=\"17\">MOQ<\/td>\n<td class=\"et2\">600CTNS<\/td>\n<\/tr>\n<tr style=\"height: 17.60pt;\">\n<td class=\"et2\" style=\"height: 17.60pt;\" height=\"17\">\u00c9chantillon<\/td>\n<td class=\"et2\">Disponible<\/td>\n<\/tr>\n<\/tbody>\n<\/table>","protected":false},"featured_media":748,"comment_status":"open","ping_status":"closed","template":"","meta":{"_acf_changed":false},"product_brand":[],"product_cat":[22,33],"product_tag":[],"class_list":{"0":"post-742","1":"product","2":"type-product","3":"status-publish","4":"has-post-thumbnail","6":"product_cat-wholesale-marshmallows","7":"product_cat-marshmallow-twists-bulk","9":"first","10":"instock","11":"shipping-taxable","12":"product-type-simple"},"acf":[],"_links":{"self":[{"href":"https:\/\/www.lechaocandy.com\/fr\/wp-json\/wp\/v2\/product\/742","targetHints":{"allow":["GET"]}}],"collection":[{"href":"https:\/\/www.lechaocandy.com\/fr\/wp-json\/wp\/v2\/product"}],"about":[{"href":"https:\/\/www.lechaocandy.com\/fr\/wp-json\/wp\/v2\/types\/product"}],"replies":[{"embeddable":true,"href":"https:\/\/www.lechaocandy.com\/fr\/wp-json\/wp\/v2\/comments?post=742"}],"wp:featuredmedia":[{"embeddable":true,"href":"https:\/\/www.lechaocandy.com\/fr\/wp-json\/wp\/v2\/media\/748"}],"wp:attachment":[{"href":"https:\/\/www.lechaocandy.com\/fr\/wp-json\/wp\/v2\/media?parent=742"}],"wp:term":[{"taxonomy":"product_brand","embeddable":true,"href":"https:\/\/www.lechaocandy.com\/fr\/wp-json\/wp\/v2\/product_brand?post=742"},{"taxonomy":"product_cat","embeddable":true,"href":"https:\/\/www.lechaocandy.com\/fr\/wp-json\/wp\/v2\/product_cat?post=742"},{"taxonomy":"product_tag","embeddable":true,"href":"https:\/\/www.lechaocandy.com\/fr\/wp-json\/wp\/v2\/product_tag?post=742"}],"curies":[{"name":"wp","href":"https:\/\/api.w.org\/{rel}","templated":true}]}}