{"id":749,"date":"2025-05-16T06:25:36","date_gmt":"2025-05-16T06:25:36","guid":{"rendered":"https:\/\/www.lechaocandy.com\/?post_type=product&#038;p=749"},"modified":"2025-05-16T06:40:51","modified_gmt":"2025-05-16T06:40:51","slug":"bulk-marshmallows","status":"publish","type":"product","link":"https:\/\/www.lechaocandy.com\/fr\/produit\/bulk-marshmallows\/","title":{"rendered":"20g LeChao Watermelon Bulk Marshmallows Bites Wholesale"},"content":{"rendered":"<div class=\"wp-block-columns is-layout-flex wp-container-core-columns-is-layout-9d6595d7 wp-block-columns-is-layout-flex\"><div class=\"wp-block-column is-layout-flow wp-block-column-is-layout-flow\"><h2 class=\"wp-block-heading\">Produits phares de la guimauve en vrac \u00e0 la past\u00e8que<\/h2>\n\n<ul class=\"wp-block-list\"><li><strong>Go\u00fbt de past\u00e8que rafra\u00eechissant pour l'\u00e9t\u00e9 : <\/strong>Ces guimauves en vrac sont sp\u00e9cialement con\u00e7ues avec un ar\u00f4me de past\u00e8que, frais et sucr\u00e9 en bouche, cr\u00e9ant une atmosph\u00e8re estivale relaxante et confortable.<\/li>\n\n<li><strong>Mini emballage Distribution pratique :<\/strong> Ces bonbons \u00e0 la guimauve en gros, dans un emballage de 20 g, conviennent \u00e0 la vente au d\u00e9tail en portions individuelles, aux coffrets-cadeaux ou aux cadeaux \u00e9v\u00e9nementiels.<\/li>\n\n<li><strong>Doux et sucr\u00e9 Taux de rachat \u00e9lev\u00e9 : <\/strong>Nos guimauves en vrac ont une texture douce et moelleuse, associ\u00e9e \u00e0 un go\u00fbt fruit\u00e9, et sont tr\u00e8s appr\u00e9ci\u00e9es des enfants et des jeunes.<\/li>\n\n<li><strong>Convient \u00e0 plusieurs canaux de vente : <\/strong>Nos bonbons \u00e0 la guimauve en gros conviennent aux magasins de proximit\u00e9, aux supermarch\u00e9s, aux snacks en gros, aux cadeaux pour enfants, aux promotions pour les f\u00eates et \u00e0 d'autres sc\u00e9narios.<\/li>\n\n<li><strong>Respecter les normes internationales d'exportation : <\/strong>Nos guimauves en vrac ont \u00e9t\u00e9 certifi\u00e9es en mati\u00e8re de s\u00e9curit\u00e9 alimentaire afin de garantir la qualit\u00e9 du produit et la conformit\u00e9 aux normes d'exportation internationales.<\/li><\/ul><\/div>\n\n<div class=\"wp-block-column is-layout-flow wp-block-column-is-layout-flow\"><figure class=\"wp-block-image size-full\"><img decoding=\"async\" width=\"679\" height=\"599\" src=\"https:\/\/www.lechaocandy.com\/wp-content\/uploads\/2025\/05\/20g-LeChao-Watermelon-Bulk-Marshmallows-Bites-Wholesale-5.webp\" alt=\"20g LeChao Watermelon Bulk Marshmallows Bites Wholesale-5\" class=\"wp-image-754\" srcset=\"https:\/\/www.lechaocandy.com\/wp-content\/uploads\/2025\/05\/20g-LeChao-Watermelon-Bulk-Marshmallows-Bites-Wholesale-5.webp 679w, https:\/\/www.lechaocandy.com\/wp-content\/uploads\/2025\/05\/20g-LeChao-Watermelon-Bulk-Marshmallows-Bites-Wholesale-5-300x265.webp 300w, https:\/\/www.lechaocandy.com\/wp-content\/uploads\/2025\/05\/20g-LeChao-Watermelon-Bulk-Marshmallows-Bites-Wholesale-5-600x529.webp 600w\" sizes=\"(max-width: 679px) 100vw, 679px\" \/><\/figure><\/div><\/div>","protected":false},"excerpt":{"rendered":"<p>Nous vous invitons \u00e0 acheter des bonbons \u00e0 la guimauve en gros. Ce paquet de 20g de guimauves en vrac \u00e0 la past\u00e8que est mini et mignon, avec un go\u00fbt doux et sucr\u00e9 et une saveur de past\u00e8que fra\u00eeche, remplie d'un parfum d'\u00e9t\u00e9.<\/p>\n<table style=\"border-collapse: collapse; width: 329.02pt;\" border=\"0\" width=\"329\" cellspacing=\"0\" cellpadding=\"0\">\n<tbody>\n<tr style=\"height: 17.60pt;\">\n<td class=\"et2\" style=\"height: 17.60pt; width: 110.80pt;\" width=\"110\" height=\"17\">Fabricant<\/td>\n<td class=\"et2\" style=\"width: 219.15pt;\" width=\"219\">LeChao Candy<\/td>\n<\/tr>\n<tr style=\"height: 18.00pt;\">\n<td class=\"et2\" style=\"height: 18.00pt;\" height=\"18\">Type de produit<\/td>\n<td class=\"et3\" style=\"width: 219.15pt;\" width=\"219\">Guimauves \u00e0 la past\u00e8que<\/td>\n<\/tr>\n<tr style=\"height: 18.00pt;\">\n<td class=\"et2\" style=\"height: 18.00pt;\" height=\"18\">Le go\u00fbt<\/td>\n<td class=\"et3\" style=\"width: 219.15pt;\" width=\"219\">Doux et sucr\u00e9<\/td>\n<\/tr>\n<tr style=\"height: 17.60pt;\">\n<td class=\"et2\" style=\"height: 17.60pt;\" height=\"17\">Sp\u00e9cifications<\/td>\n<td class=\"et2\">20gX24pcsX12bo\u00eetes<\/td>\n<\/tr>\n<tr style=\"height: 17.60pt;\">\n<td class=\"et2\" style=\"height: 17.60pt;\" height=\"17\">Taille du carton<\/td>\n<td class=\"et2\">58.5X29.5X40.5cm<\/td>\n<\/tr>\n<tr style=\"height: 17.60pt;\">\n<td class=\"et2\" style=\"height: 17.60pt;\" height=\"17\">N.W.\/Carton<\/td>\n<td class=\"et2\">8,0 kg<\/td>\n<\/tr>\n<tr style=\"height: 17.60pt;\">\n<td class=\"et2\" style=\"height: 17.60pt;\" height=\"17\">Prix<\/td>\n<td class=\"et2\">22-23.5USD<\/td>\n<\/tr>\n<tr style=\"height: 17.60pt;\">\n<td class=\"et2\" style=\"height: 17.60pt;\" height=\"17\">MOQ<\/td>\n<td class=\"et2\">400CTNS<\/td>\n<\/tr>\n<tr style=\"height: 17.60pt;\">\n<td class=\"et2\" style=\"height: 17.60pt;\" height=\"17\">\u00c9chantillon<\/td>\n<td class=\"et2\">Disponible<\/td>\n<\/tr>\n<\/tbody>\n<\/table>","protected":false},"featured_media":751,"comment_status":"open","ping_status":"closed","template":"","meta":{"_acf_changed":false},"product_brand":[],"product_cat":[22],"product_tag":[],"class_list":{"0":"post-749","1":"product","2":"type-product","3":"status-publish","4":"has-post-thumbnail","6":"product_cat-wholesale-marshmallows","8":"first","9":"instock","10":"shipping-taxable","11":"product-type-simple"},"acf":[],"_links":{"self":[{"href":"https:\/\/www.lechaocandy.com\/fr\/wp-json\/wp\/v2\/product\/749","targetHints":{"allow":["GET"]}}],"collection":[{"href":"https:\/\/www.lechaocandy.com\/fr\/wp-json\/wp\/v2\/product"}],"about":[{"href":"https:\/\/www.lechaocandy.com\/fr\/wp-json\/wp\/v2\/types\/product"}],"replies":[{"embeddable":true,"href":"https:\/\/www.lechaocandy.com\/fr\/wp-json\/wp\/v2\/comments?post=749"}],"wp:featuredmedia":[{"embeddable":true,"href":"https:\/\/www.lechaocandy.com\/fr\/wp-json\/wp\/v2\/media\/751"}],"wp:attachment":[{"href":"https:\/\/www.lechaocandy.com\/fr\/wp-json\/wp\/v2\/media?parent=749"}],"wp:term":[{"taxonomy":"product_brand","embeddable":true,"href":"https:\/\/www.lechaocandy.com\/fr\/wp-json\/wp\/v2\/product_brand?post=749"},{"taxonomy":"product_cat","embeddable":true,"href":"https:\/\/www.lechaocandy.com\/fr\/wp-json\/wp\/v2\/product_cat?post=749"},{"taxonomy":"product_tag","embeddable":true,"href":"https:\/\/www.lechaocandy.com\/fr\/wp-json\/wp\/v2\/product_tag?post=749"}],"curies":[{"name":"wp","href":"https:\/\/api.w.org\/{rel}","templated":true}]}}