{"id":755,"date":"2025-05-16T06:41:08","date_gmt":"2025-05-16T06:41:08","guid":{"rendered":"https:\/\/www.lechaocandy.com\/?post_type=product&#038;p=755"},"modified":"2025-05-16T06:49:24","modified_gmt":"2025-05-16T06:49:24","slug":"vegan-marshmallows-wholesale","status":"publish","type":"product","link":"https:\/\/www.lechaocandy.com\/fr\/produit\/vegan-marshmallows-wholesale\/","title":{"rendered":"Guimauves v\u00e9g\u00e9taliennes en forme de past\u00e8que en gros en paquet de 10g"},"content":{"rendered":"<div class=\"wp-block-columns is-layout-flex wp-container-core-columns-is-layout-9d6595d7 wp-block-columns-is-layout-flex\"><div class=\"wp-block-column is-layout-flow wp-block-column-is-layout-flow\"><h2 class=\"wp-block-heading\">Points forts du produit Past\u00e8que Vegan Marshmallows Wholesale<\/h2>\n\n<ul class=\"wp-block-list\"><li><strong>La formule \u00e0 base de plantes est plus s\u00fbre : <\/strong>Nos guimauves v\u00e9g\u00e9taliennes en gros utilisent des mati\u00e8res premi\u00e8res v\u00e9g\u00e9taliennes 100% et ne contiennent pas de mati\u00e8res premi\u00e8res animales, ce qui peut convenir aux v\u00e9g\u00e9tariens et aux personnes soucieuses de leur sant\u00e9.<\/li>\n\n<li><strong>Forme amusante de past\u00e8que : <\/strong>Ces guimauves en vrac utilisent des tranches de past\u00e8que r\u00e9alistes de couleur rouge et verte, elles sont mignonnes et accrocheuses, id\u00e9ales pour les f\u00eates, les festivals et autres environnements d'utilisation.<\/li>\n\n<li><strong>Les petits emballages individuels sont faciles \u00e0 distribuer : <\/strong>Ces guimauves v\u00e9g\u00e9taliennes en gros ont une taille de 10 g par paquet, ce qui est pratique pour la vente au d\u00e9tail, la vente \u00e0 emporter et les combinaisons de cadeaux, et c'est un choix pratique pour les activit\u00e9s et les ventes.<\/li>\n\n<li><strong>Doux et sucr\u00e9, fin de bouche interminable : <\/strong>Notre guimauve en vrac a un go\u00fbt moelleux, avec une saveur fruit\u00e9e naturelle, sucr\u00e9e mais non grasse, et fait tomber les gens amoureux de la guimauve \u00e0 la premi\u00e8re bouch\u00e9e.<\/li>\n\n<li><strong>Conforme aux normes d'exportation et de qualit\u00e9 fiable : <\/strong>Nos guimauves v\u00e9g\u00e9taliennes en gros ont pass\u00e9 de nombreuses certifications de qualit\u00e9 et de s\u00e9curit\u00e9 alimentaires, conviennent \u00e0 divers march\u00e9s nationaux et internationaux et constituent un choix de gros digne de confiance.<\/li><\/ul><\/div>\n\n<div class=\"wp-block-column is-layout-flow wp-block-column-is-layout-flow\"><figure class=\"wp-block-image size-full\"><img decoding=\"async\" width=\"668\" height=\"582\" src=\"https:\/\/www.lechaocandy.com\/wp-content\/uploads\/2025\/05\/Watermelon-Shape-Vegan-Marshmallows-Wholesale-In-10g-Pack-3.webp\" alt=\"Guimauves Vegan en forme de past\u00e8que en gros en paquet de 10g-3\" class=\"wp-image-758\" srcset=\"https:\/\/www.lechaocandy.com\/wp-content\/uploads\/2025\/05\/Watermelon-Shape-Vegan-Marshmallows-Wholesale-In-10g-Pack-3.webp 668w, https:\/\/www.lechaocandy.com\/wp-content\/uploads\/2025\/05\/Watermelon-Shape-Vegan-Marshmallows-Wholesale-In-10g-Pack-3-300x261.webp 300w, https:\/\/www.lechaocandy.com\/wp-content\/uploads\/2025\/05\/Watermelon-Shape-Vegan-Marshmallows-Wholesale-In-10g-Pack-3-600x523.webp 600w\" sizes=\"(max-width: 668px) 100vw, 668px\" \/><\/figure><\/div><\/div>","protected":false},"excerpt":{"rendered":"<p>Bienvenue sur le site d'achat en gros de guimauves v\u00e9g\u00e9taliennes. Notre guimauve de 10g en forme de past\u00e8que en vrac utilise une formule v\u00e9g\u00e9talienne, avec des couleurs vives, une sensation douce en bouche, sucr\u00e9e et non grasse, ce qui en fait un choix id\u00e9al pour le march\u00e9 des bonbons v\u00e9g\u00e9taliens.<\/p>\n<table style=\"border-collapse: collapse; width: 329.02pt;\" border=\"0\" width=\"329\" cellspacing=\"0\" cellpadding=\"0\">\n<tbody>\n<tr style=\"height: 17.60pt;\">\n<td class=\"et2\" style=\"height: 17.60pt; width: 110.80pt;\" width=\"110\" height=\"17\">Fabricant<\/td>\n<td class=\"et2\" style=\"width: 219.15pt;\" width=\"219\">LeChao Candy<\/td>\n<\/tr>\n<tr style=\"height: 18.00pt;\">\n<td class=\"et2\" style=\"height: 18.00pt;\" height=\"18\">Type de produit<\/td>\n<td class=\"et3\" style=\"width: 219.15pt;\" width=\"219\">Guimauves \u00e0 la past\u00e8que<\/td>\n<\/tr>\n<tr style=\"height: 18.00pt;\">\n<td class=\"et2\" style=\"height: 18.00pt;\" height=\"18\">Le go\u00fbt<\/td>\n<td class=\"et3\" style=\"width: 219.15pt;\" width=\"219\">Doux et sucr\u00e9<\/td>\n<\/tr>\n<tr style=\"height: 17.60pt;\">\n<td class=\"et2\" style=\"height: 17.60pt;\" height=\"17\">Sp\u00e9cifications<\/td>\n<td class=\"et2\">10gX60pcsX12sacs<\/td>\n<\/tr>\n<tr style=\"height: 17.60pt;\">\n<td class=\"et2\" style=\"height: 17.60pt;\" height=\"17\">Taille du carton<\/td>\n<td class=\"et2\">69X48X292cm<\/td>\n<\/tr>\n<tr style=\"height: 17.60pt;\">\n<td class=\"et2\" style=\"height: 17.60pt;\" height=\"17\">N.W.\/Carton<\/td>\n<td class=\"et2\">10,0 kg<\/td>\n<\/tr>\n<tr style=\"height: 17.60pt;\">\n<td class=\"et2\" style=\"height: 17.60pt;\" height=\"17\">Prix<\/td>\n<td class=\"et2\">26.5-28USD<\/td>\n<\/tr>\n<tr style=\"height: 17.60pt;\">\n<td class=\"et2\" style=\"height: 17.60pt;\" height=\"17\">MOQ<\/td>\n<td class=\"et2\">400CTNS<\/td>\n<\/tr>\n<tr style=\"height: 17.60pt;\">\n<td class=\"et2\" style=\"height: 17.60pt;\" height=\"17\">\u00c9chantillon<\/td>\n<td class=\"et2\">Disponible<\/td>\n<\/tr>\n<\/tbody>\n<\/table>","protected":false},"featured_media":756,"comment_status":"open","ping_status":"closed","template":"","meta":{"_acf_changed":false},"product_brand":[],"product_cat":[22],"product_tag":[],"class_list":{"0":"post-755","1":"product","2":"type-product","3":"status-publish","4":"has-post-thumbnail","6":"product_cat-wholesale-marshmallows","8":"first","9":"instock","10":"shipping-taxable","11":"product-type-simple"},"acf":[],"_links":{"self":[{"href":"https:\/\/www.lechaocandy.com\/fr\/wp-json\/wp\/v2\/product\/755","targetHints":{"allow":["GET"]}}],"collection":[{"href":"https:\/\/www.lechaocandy.com\/fr\/wp-json\/wp\/v2\/product"}],"about":[{"href":"https:\/\/www.lechaocandy.com\/fr\/wp-json\/wp\/v2\/types\/product"}],"replies":[{"embeddable":true,"href":"https:\/\/www.lechaocandy.com\/fr\/wp-json\/wp\/v2\/comments?post=755"}],"wp:featuredmedia":[{"embeddable":true,"href":"https:\/\/www.lechaocandy.com\/fr\/wp-json\/wp\/v2\/media\/756"}],"wp:attachment":[{"href":"https:\/\/www.lechaocandy.com\/fr\/wp-json\/wp\/v2\/media?parent=755"}],"wp:term":[{"taxonomy":"product_brand","embeddable":true,"href":"https:\/\/www.lechaocandy.com\/fr\/wp-json\/wp\/v2\/product_brand?post=755"},{"taxonomy":"product_cat","embeddable":true,"href":"https:\/\/www.lechaocandy.com\/fr\/wp-json\/wp\/v2\/product_cat?post=755"},{"taxonomy":"product_tag","embeddable":true,"href":"https:\/\/www.lechaocandy.com\/fr\/wp-json\/wp\/v2\/product_tag?post=755"}],"curies":[{"name":"wp","href":"https:\/\/api.w.org\/{rel}","templated":true}]}}