{"id":798,"date":"2025-05-20T08:59:34","date_gmt":"2025-05-20T08:59:34","guid":{"rendered":"https:\/\/www.lechaocandy.com\/?post_type=product&#038;p=798"},"modified":"2025-05-20T09:18:33","modified_gmt":"2025-05-20T09:18:33","slug":"gummy-bulk-candy","status":"publish","type":"product","link":"https:\/\/www.lechaocandy.com\/fr\/produit\/gummy-bulk-candy\/","title":{"rendered":"Hotdog Gummy Bulk Candy, Playful Gummy Candy Wholesale"},"content":{"rendered":"<div class=\"wp-block-columns is-layout-flex wp-container-core-columns-is-layout-9d6595d7 wp-block-columns-is-layout-flex\"><div class=\"wp-block-column is-layout-flow wp-block-column-is-layout-flow\"><h2 class=\"wp-block-heading\">Points forts du produit Hotdog Gummy Bulk Candy (bonbons g\u00e9lifi\u00e9s en vrac)<\/h2>\n\n<ul class=\"wp-block-list\"><li><strong>D\u00e9montage et conception ludique :<\/strong> Ce bonbon gommeux hot dog en vrac est compos\u00e9 de \"pain\", de \"saucisse\" et d'autres parties, qui peuvent \u00eatre d\u00e9mont\u00e9es et assembl\u00e9es pour cr\u00e9er de l'amusement, et les enfants peuvent jouer tout en mangeant, ce qui est ludique.<\/li>\n\n<li><strong>Emballage unique et ind\u00e9pendant :<\/strong> Ces bonbons g\u00e9lifi\u00e9s en gros ont un emballage ind\u00e9pendant, s\u00fbr et propre, facile \u00e0 transporter et \u00e0 partager. Ils sont id\u00e9aux pour la vente dans les supermarch\u00e9s, les distributeurs automatiques et les sacs-cadeaux.<\/li>\n\n<li><strong>Forme r\u00e9aliste de hot-dog, accrocheuse et amusante :<\/strong> Ce bonbon gommeux en vrac a une forme simul\u00e9e de hot-dog, des couleurs vives, un Q \u00e9lastique et doux, ce qui est non seulement d\u00e9licieux mais aussi amusant, et est tr\u00e8s appr\u00e9ci\u00e9 par les enfants et les jeunes.<\/li>\n\n<li><strong>Convient \u00e0 une vari\u00e9t\u00e9 de sc\u00e9narios de vente : <\/strong>Nos bonbons g\u00e9lifi\u00e9s en gros peuvent \u00eatre vendus en grand conditionnement, ce qui convient \u00e0 une vari\u00e9t\u00e9 de sc\u00e9narios de vente tels que les magasins de snacks, les fournisseurs de f\u00eates, les cadeaux de festivals, etc.<\/li>\n\n<li><strong>Ingr\u00e9dients de haute qualit\u00e9, s\u00fbrs et d\u00e9licieux :<\/strong> Nos bonbons g\u00e9lifi\u00e9s en vrac sont fabriqu\u00e9s \u00e0 partir d'ingr\u00e9dients s\u00e9lectionn\u00e9s, sans conservateurs artificiels, sucr\u00e9s et d\u00e9licieux, Q \u00e9lastiques et doux, offrant une exp\u00e9rience s\u00fbre et d\u00e9licieuse, adapt\u00e9e aux consommateurs de tous \u00e2ges.<\/li><\/ul><\/div>\n\n<div class=\"wp-block-column is-layout-flow wp-block-column-is-layout-flow\"><figure class=\"wp-block-image size-full\"><img decoding=\"async\" width=\"800\" height=\"800\" src=\"https:\/\/www.lechaocandy.com\/wp-content\/uploads\/2025\/05\/Hotdog-Gummy-Bulk-Candy-Playful-Gummy-Candy-Wholesale-5.webp\" alt=\"Hotdog Gummy Bulk Candy, Playful Gummy Candy Wholesale-5\" class=\"wp-image-803\" srcset=\"https:\/\/www.lechaocandy.com\/wp-content\/uploads\/2025\/05\/Hotdog-Gummy-Bulk-Candy-Playful-Gummy-Candy-Wholesale-5.webp 800w, https:\/\/www.lechaocandy.com\/wp-content\/uploads\/2025\/05\/Hotdog-Gummy-Bulk-Candy-Playful-Gummy-Candy-Wholesale-5-300x300.webp 300w, https:\/\/www.lechaocandy.com\/wp-content\/uploads\/2025\/05\/Hotdog-Gummy-Bulk-Candy-Playful-Gummy-Candy-Wholesale-5-150x150.webp 150w, https:\/\/www.lechaocandy.com\/wp-content\/uploads\/2025\/05\/Hotdog-Gummy-Bulk-Candy-Playful-Gummy-Candy-Wholesale-5-768x768.webp 768w, https:\/\/www.lechaocandy.com\/wp-content\/uploads\/2025\/05\/Hotdog-Gummy-Bulk-Candy-Playful-Gummy-Candy-Wholesale-5-600x600.webp 600w, https:\/\/www.lechaocandy.com\/wp-content\/uploads\/2025\/05\/Hotdog-Gummy-Bulk-Candy-Playful-Gummy-Candy-Wholesale-5-100x100.webp 100w\" sizes=\"(max-width: 800px) 100vw, 800px\" \/><\/figure><\/div><\/div>","protected":false},"excerpt":{"rendered":"<p>Nous vous invitons \u00e0 acheter des bonbons g\u00e9lifi\u00e9s en gros. Ces bonbons g\u00e9lifi\u00e9s en forme de hot-dog sont non seulement r\u00e9alistes et mignons, mais ils peuvent \u00e9galement \u00eatre d\u00e9mont\u00e9s et assembl\u00e9s pour ajouter de l'amusement. Chaque pi\u00e8ce est emball\u00e9e individuellement et convient pour les f\u00eates, les magasins de snacks et les ventes en gros.<\/p>\n<table style=\"border-collapse: collapse; width: 329.02pt;\" border=\"0\" width=\"329\" cellspacing=\"0\" cellpadding=\"0\">\n<tbody>\n<tr style=\"height: 17.60pt;\">\n<td class=\"et2\" style=\"height: 17.60pt; width: 110.80pt;\" width=\"110\" height=\"17\">Fabricant<\/td>\n<td class=\"et2\" style=\"width: 219.15pt;\" width=\"219\">LeChao Candy<\/td>\n<\/tr>\n<tr style=\"height: 18.00pt;\">\n<td class=\"et2\" style=\"height: 18.00pt;\" height=\"18\">Type de produit<\/td>\n<td class=\"et3\" style=\"width: 219.15pt;\" width=\"219\">Bonbons \u00e0 la gomme Hotdog<\/td>\n<\/tr>\n<tr style=\"height: 18.00pt;\">\n<td class=\"et2\" style=\"height: 18.00pt;\" height=\"18\">Le go\u00fbt<\/td>\n<td class=\"et3\" style=\"width: 219.15pt;\" width=\"219\">Aigre-doux et r\u00e9silient<\/td>\n<\/tr>\n<tr style=\"height: 17.60pt;\">\n<td class=\"et2\" style=\"height: 17.60pt;\" height=\"17\">Sp\u00e9cifications<\/td>\n<td class=\"et2\">108gx48bags<\/td>\n<\/tr>\n<tr style=\"height: 17.60pt;\">\n<td class=\"et2\" style=\"height: 17.60pt;\" height=\"17\">Taille du carton<\/td>\n<td class=\"et2\">44*30*26cm<\/td>\n<\/tr>\n<tr style=\"height: 17.60pt;\">\n<td class=\"et2\" style=\"height: 17.60pt;\" height=\"17\">N.W.\/Carton<\/td>\n<td class=\"et2\">6,4 kg<\/td>\n<\/tr>\n<tr style=\"height: 17.60pt;\">\n<td class=\"et2\" style=\"height: 17.60pt;\" height=\"17\">\u00c9chantillon<\/td>\n<td class=\"et2\">Disponible<\/td>\n<\/tr>\n<\/tbody>\n<\/table>","protected":false},"featured_media":804,"comment_status":"open","ping_status":"closed","template":"","meta":{"_acf_changed":false},"product_brand":[],"product_cat":[19],"product_tag":[],"class_list":{"0":"post-798","1":"product","2":"type-product","3":"status-publish","4":"has-post-thumbnail","6":"product_cat-wholesale-gummy-manufacturer","8":"first","9":"instock","10":"shipping-taxable","11":"product-type-simple"},"acf":[],"_links":{"self":[{"href":"https:\/\/www.lechaocandy.com\/fr\/wp-json\/wp\/v2\/product\/798","targetHints":{"allow":["GET"]}}],"collection":[{"href":"https:\/\/www.lechaocandy.com\/fr\/wp-json\/wp\/v2\/product"}],"about":[{"href":"https:\/\/www.lechaocandy.com\/fr\/wp-json\/wp\/v2\/types\/product"}],"replies":[{"embeddable":true,"href":"https:\/\/www.lechaocandy.com\/fr\/wp-json\/wp\/v2\/comments?post=798"}],"wp:featuredmedia":[{"embeddable":true,"href":"https:\/\/www.lechaocandy.com\/fr\/wp-json\/wp\/v2\/media\/804"}],"wp:attachment":[{"href":"https:\/\/www.lechaocandy.com\/fr\/wp-json\/wp\/v2\/media?parent=798"}],"wp:term":[{"taxonomy":"product_brand","embeddable":true,"href":"https:\/\/www.lechaocandy.com\/fr\/wp-json\/wp\/v2\/product_brand?post=798"},{"taxonomy":"product_cat","embeddable":true,"href":"https:\/\/www.lechaocandy.com\/fr\/wp-json\/wp\/v2\/product_cat?post=798"},{"taxonomy":"product_tag","embeddable":true,"href":"https:\/\/www.lechaocandy.com\/fr\/wp-json\/wp\/v2\/product_tag?post=798"}],"curies":[{"name":"wp","href":"https:\/\/api.w.org\/{rel}","templated":true}]}}