{"id":810,"date":"2025-05-20T09:54:50","date_gmt":"2025-05-20T09:54:50","guid":{"rendered":"https:\/\/www.lechaocandy.com\/?post_type=product&#038;p=810"},"modified":"2025-05-20T10:03:35","modified_gmt":"2025-05-20T10:03:35","slug":"bulk-candy-gummy","status":"publish","type":"product","link":"https:\/\/www.lechaocandy.com\/fr\/produit\/bulk-candy-gummy\/","title":{"rendered":"Sandwich emball\u00e9 individuellement Bonbons en vrac Gummy Wholesale"},"content":{"rendered":"<div class=\"wp-block-columns is-layout-flex wp-container-core-columns-is-layout-9d6595d7 wp-block-columns-is-layout-flex\"><div class=\"wp-block-column is-layout-flow wp-block-column-is-layout-flow\"><h2 class=\"wp-block-heading\">Points forts du produit Sandwich Bulk Candy Gummy<\/h2>\n\n<ul class=\"wp-block-list\"><li><strong>Emball\u00e9 individuellement, propre et portable : <\/strong>Ces bonbons g\u00e9lifi\u00e9s en vrac sont emball\u00e9s individuellement dans de petits paquets, ce qui est pratique pour la distribution, le transport et le stockage. Les bonbons restent frais et hygi\u00e9niques, et conviennent pour la vente au d\u00e9tail, les machines \u00e0 saisir et les f\u00eates d'enfants.<\/li>\n\n<li><strong>Le sachet entier p\u00e8se 108 g, ce qui est suffisant et abordable :<\/strong> La quantit\u00e9 totale de ces gommes en gros est de 108 grammes, ce qui est \u00e0 la fois rentable et substantiel, et convient aux rayons des supermarch\u00e9s, aux paquets-cadeaux pour les f\u00eates et aux ventes en gros.<\/li>\n\n<li><strong>Peut \u00eatre d\u00e9mont\u00e9 et combin\u00e9, jouer et manger : <\/strong>La forme de sandwich de ce bonbon g\u00e9lifi\u00e9 en vrac est compos\u00e9e de plusieurs couches de \"pain\", de \"laitue\" et de \"jambon\", qui peuvent \u00eatre d\u00e9sassembl\u00e9es et r\u00e9assembl\u00e9es, ce qui est tr\u00e8s amusant et permet aux enfants d'exp\u00e9rimenter la joie de manger et de jouer.<\/li>\n\n<li><strong>Forme r\u00e9aliste et couleurs attrayantes : <\/strong>Ces gommes \u00e0 m\u00e2cher simulant un sandwich sont riches en couleurs, non seulement attrayantes et amusantes, mais aussi app\u00e9tissantes, et sont populaires parmi les bonbons cr\u00e9atifs.<\/li>\n\n<li><strong>Convient \u00e0 la vente en gros dans de multiples sc\u00e9narios : <\/strong>Nos bonbons g\u00e9lifi\u00e9s en vrac sont vendus en gros dans des emballages de grande taille et conviennent \u00e0 la vente multicanal dans les cha\u00eenes de restauration rapide, les boutiques de cadeaux, les magasins en ligne et les plates-formes de commerce \u00e9lectronique, afin de r\u00e9pondre aux besoins des festivals, des f\u00eates quotidiennes et des cadeaux.<\/li><\/ul><\/div>\n\n<div class=\"wp-block-column is-layout-flow wp-block-column-is-layout-flow\"><figure class=\"wp-block-image size-full\"><img decoding=\"async\" width=\"800\" height=\"800\" src=\"https:\/\/www.lechaocandy.com\/wp-content\/uploads\/2025\/05\/Individually-Wrapped-Sandwich-Bulk-Candy-Gummy-Wholesale-4.webp\" alt=\"Sandwich emball\u00e9 individuellement Bonbons en vrac Gummy Wholesale-4\" class=\"wp-image-814\" srcset=\"https:\/\/www.lechaocandy.com\/wp-content\/uploads\/2025\/05\/Individually-Wrapped-Sandwich-Bulk-Candy-Gummy-Wholesale-4.webp 800w, https:\/\/www.lechaocandy.com\/wp-content\/uploads\/2025\/05\/Individually-Wrapped-Sandwich-Bulk-Candy-Gummy-Wholesale-4-300x300.webp 300w, https:\/\/www.lechaocandy.com\/wp-content\/uploads\/2025\/05\/Individually-Wrapped-Sandwich-Bulk-Candy-Gummy-Wholesale-4-150x150.webp 150w, https:\/\/www.lechaocandy.com\/wp-content\/uploads\/2025\/05\/Individually-Wrapped-Sandwich-Bulk-Candy-Gummy-Wholesale-4-768x768.webp 768w, https:\/\/www.lechaocandy.com\/wp-content\/uploads\/2025\/05\/Individually-Wrapped-Sandwich-Bulk-Candy-Gummy-Wholesale-4-600x600.webp 600w, https:\/\/www.lechaocandy.com\/wp-content\/uploads\/2025\/05\/Individually-Wrapped-Sandwich-Bulk-Candy-Gummy-Wholesale-4-100x100.webp 100w\" sizes=\"(max-width: 800px) 100vw, 800px\" \/><\/figure><\/div><\/div>","protected":false},"excerpt":{"rendered":"<p>Bienvenue \u00e0 l'achat de gommes en gros. Ce bonbon g\u00e9lifi\u00e9 en vrac en forme de sandwich est con\u00e7u dans un emballage unique et ind\u00e9pendant, facile \u00e0 transporter et \u00e0 partager. L'apparence simul\u00e9e peut \u00eatre d\u00e9mont\u00e9e et assembl\u00e9e, ce qui est id\u00e9al pour les f\u00eates d'enfants et les ventes de snacks cr\u00e9atifs.<\/p>\n<table style=\"border-collapse: collapse; width: 329.02pt;\" border=\"0\" width=\"329\" cellspacing=\"0\" cellpadding=\"0\">\n<tbody>\n<tr style=\"height: 17.60pt;\">\n<td class=\"et2\" style=\"height: 17.60pt; width: 110.80pt;\" width=\"110\" height=\"17\">Fabricant<\/td>\n<td class=\"et2\" style=\"width: 219.15pt;\" width=\"219\">LeChao Candy<\/td>\n<\/tr>\n<tr style=\"height: 18.00pt;\">\n<td class=\"et2\" style=\"height: 18.00pt;\" height=\"18\">Type de produit<\/td>\n<td class=\"et3\" style=\"width: 219.15pt;\" width=\"219\">Sandwich Gummy Candy<\/td>\n<\/tr>\n<tr style=\"height: 18.00pt;\">\n<td class=\"et2\" style=\"height: 18.00pt;\" height=\"18\">Le go\u00fbt<\/td>\n<td class=\"et3\" style=\"width: 219.15pt;\" width=\"219\">Aigre-doux et r\u00e9silient<\/td>\n<\/tr>\n<tr style=\"height: 17.60pt;\">\n<td class=\"et2\" style=\"height: 17.60pt;\" height=\"17\">Sp\u00e9cifications<\/td>\n<td class=\"et2\">108gx48bags<\/td>\n<\/tr>\n<tr style=\"height: 17.60pt;\">\n<td class=\"et2\" style=\"height: 17.60pt;\" height=\"17\">Taille du carton<\/td>\n<td class=\"et2\">44*30*26cm<\/td>\n<\/tr>\n<tr style=\"height: 17.60pt;\">\n<td class=\"et2\" style=\"height: 17.60pt;\" height=\"17\">N.W.\/Carton<\/td>\n<td class=\"et2\">6,4 kg<\/td>\n<\/tr>\n<tr style=\"height: 17.60pt;\">\n<td class=\"et2\" style=\"height: 17.60pt;\" height=\"17\">\u00c9chantillon<\/td>\n<td class=\"et2\">Disponible<\/td>\n<\/tr>\n<\/tbody>\n<\/table>","protected":false},"featured_media":813,"comment_status":"open","ping_status":"closed","template":"","meta":{"_acf_changed":false},"product_brand":[],"product_cat":[19],"product_tag":[],"class_list":{"0":"post-810","1":"product","2":"type-product","3":"status-publish","4":"has-post-thumbnail","6":"product_cat-wholesale-gummy-manufacturer","8":"first","9":"instock","10":"shipping-taxable","11":"product-type-simple"},"acf":[],"_links":{"self":[{"href":"https:\/\/www.lechaocandy.com\/fr\/wp-json\/wp\/v2\/product\/810","targetHints":{"allow":["GET"]}}],"collection":[{"href":"https:\/\/www.lechaocandy.com\/fr\/wp-json\/wp\/v2\/product"}],"about":[{"href":"https:\/\/www.lechaocandy.com\/fr\/wp-json\/wp\/v2\/types\/product"}],"replies":[{"embeddable":true,"href":"https:\/\/www.lechaocandy.com\/fr\/wp-json\/wp\/v2\/comments?post=810"}],"wp:featuredmedia":[{"embeddable":true,"href":"https:\/\/www.lechaocandy.com\/fr\/wp-json\/wp\/v2\/media\/813"}],"wp:attachment":[{"href":"https:\/\/www.lechaocandy.com\/fr\/wp-json\/wp\/v2\/media?parent=810"}],"wp:term":[{"taxonomy":"product_brand","embeddable":true,"href":"https:\/\/www.lechaocandy.com\/fr\/wp-json\/wp\/v2\/product_brand?post=810"},{"taxonomy":"product_cat","embeddable":true,"href":"https:\/\/www.lechaocandy.com\/fr\/wp-json\/wp\/v2\/product_cat?post=810"},{"taxonomy":"product_tag","embeddable":true,"href":"https:\/\/www.lechaocandy.com\/fr\/wp-json\/wp\/v2\/product_tag?post=810"}],"curies":[{"name":"wp","href":"https:\/\/api.w.org\/{rel}","templated":true}]}}