{"id":816,"date":"2025-05-20T10:03:56","date_gmt":"2025-05-20T10:03:56","guid":{"rendered":"https:\/\/www.lechaocandy.com\/?post_type=product&#038;p=816"},"modified":"2025-05-20T10:11:54","modified_gmt":"2025-05-20T10:11:54","slug":"gummy-candy-bulk","status":"publish","type":"product","link":"https:\/\/www.lechaocandy.com\/fr\/produit\/gummy-candy-bulk\/","title":{"rendered":"Bonbons g\u00e9lifi\u00e9s Hamburger en vrac Emballage individuel"},"content":{"rendered":"<div class=\"wp-block-columns is-layout-flex wp-container-core-columns-is-layout-9d6595d7 wp-block-columns-is-layout-flex\"><div class=\"wp-block-column is-layout-flow wp-block-column-is-layout-flow\"><h2 class=\"wp-block-heading\">Points forts du produit Bonbons g\u00e9lifi\u00e9s Hamburger en vrac<\/h2>\n\n<ul class=\"wp-block-list\"><li><strong>En forme de hamburger, plein d'entrain : <\/strong>Ce paquet de bonbons g\u00e9lifi\u00e9s simulant un hamburger comporte des couches distinctes, notamment du \"pain\", de la \"laitue\", du \"steak\" et d'autres bonbons g\u00e9lifi\u00e9s Q-elastic, qui peuvent \u00eatre d\u00e9sassembl\u00e9s et r\u00e9assembl\u00e9s pour cr\u00e9er une joyeuse exp\u00e9rience de repas et de jeu.<\/li>\n\n<li><strong>Emballage unique et ind\u00e9pendant, pratique et hygi\u00e9nique : <\/strong>Ces bonbons g\u00e9lifi\u00e9s en gros sont conditionn\u00e9s dans de petits emballages ind\u00e9pendants, faciles \u00e0 transporter et \u00e0 distribuer, qui pr\u00e9servent la propret\u00e9 et l'hygi\u00e8ne des bonbons. Ils conviennent parfaitement aux sacs-cadeaux, aux distributeurs automatiques et \u00e0 la vente au d\u00e9tail.<\/li>\n\n<li><strong>D\u00e9monter et combiner pour stimuler la cr\u00e9ativit\u00e9 : <\/strong>Ce bonbon g\u00e9lifi\u00e9 en vrac peut \u00eatre librement d\u00e9mont\u00e9 et remont\u00e9, ce qui est \u00e0 la fois amusant et d\u00e9licieux. Il est particuli\u00e8rement appr\u00e9ci\u00e9 des enfants. Il s'agit d'un bonbon cr\u00e9atif qui allie interactivit\u00e9 et amusement.<\/li>\n\n<li><strong>L'ensemble est plus abordable et convient au commerce de gros : <\/strong>Nos bonbons g\u00e9lifi\u00e9s en gros peuvent \u00eatre emball\u00e9s en vrac et vendus en gros, ce qui convient aux d\u00e9taillants, aux plateformes de commerce \u00e9lectronique, aux cadeaux de No\u00ebl et \u00e0 d'autres canaux de vente, avec des stocks stables et une livraison rapide.<\/li>\n\n<li><strong>Ingr\u00e9dients de haute qualit\u00e9, Q-\u00e9lastique et go\u00fbt sucr\u00e9 : <\/strong>Nos bonbons g\u00e9lifi\u00e9s en vrac utilisent des ingr\u00e9dients de haute qualit\u00e9, doux et moelleux, sucr\u00e9s et non gras, sans conservateurs artificiels, afin de r\u00e9pondre au double besoin de gourmandise et de sant\u00e9 des diff\u00e9rents groupes d'\u00e2ge.<\/li><\/ul><\/div>\n\n<div class=\"wp-block-column is-layout-flow wp-block-column-is-layout-flow\"><figure class=\"wp-block-image size-full\"><img decoding=\"async\" width=\"800\" height=\"800\" src=\"https:\/\/www.lechaocandy.com\/wp-content\/uploads\/2025\/05\/Playful-Hamburger-Gummy-Candy-Bulk-Individually-Wrapped-Pack-4.webp\" alt=\"Bonbons g\u00e9lifi\u00e9s Hamburger en vrac emball\u00e9s individuellement Pack-4\" class=\"wp-image-820\" srcset=\"https:\/\/www.lechaocandy.com\/wp-content\/uploads\/2025\/05\/Playful-Hamburger-Gummy-Candy-Bulk-Individually-Wrapped-Pack-4.webp 800w, https:\/\/www.lechaocandy.com\/wp-content\/uploads\/2025\/05\/Playful-Hamburger-Gummy-Candy-Bulk-Individually-Wrapped-Pack-4-300x300.webp 300w, https:\/\/www.lechaocandy.com\/wp-content\/uploads\/2025\/05\/Playful-Hamburger-Gummy-Candy-Bulk-Individually-Wrapped-Pack-4-150x150.webp 150w, https:\/\/www.lechaocandy.com\/wp-content\/uploads\/2025\/05\/Playful-Hamburger-Gummy-Candy-Bulk-Individually-Wrapped-Pack-4-768x768.webp 768w, https:\/\/www.lechaocandy.com\/wp-content\/uploads\/2025\/05\/Playful-Hamburger-Gummy-Candy-Bulk-Individually-Wrapped-Pack-4-600x600.webp 600w, https:\/\/www.lechaocandy.com\/wp-content\/uploads\/2025\/05\/Playful-Hamburger-Gummy-Candy-Bulk-Individually-Wrapped-Pack-4-100x100.webp 100w\" sizes=\"(max-width: 800px) 100vw, 800px\" \/><\/figure><\/div><\/div>","protected":false},"excerpt":{"rendered":"<p>Bienvenue \u00e0 l'achat de bonbons g\u00e9lifi\u00e9s ludiques en gros. Ces bonbons g\u00e9lifi\u00e9s hamburger en vrac peuvent \u00eatre d\u00e9mont\u00e9s et mang\u00e9s, chaque pi\u00e8ce est emball\u00e9e individuellement, propre et portable. Adapt\u00e9 \u00e0 la vente en gros, c'est le premier choix pour les bonbons cr\u00e9atifs dans les f\u00eates et les magasins de d\u00e9tail.<\/p>\n<table style=\"border-collapse: collapse; width: 329.02pt;\" border=\"0\" width=\"329\" cellspacing=\"0\" cellpadding=\"0\">\n<tbody>\n<tr style=\"height: 17.60pt;\">\n<td class=\"et2\" style=\"height: 17.60pt; width: 110.80pt;\" width=\"110\" height=\"17\">Fabricant<\/td>\n<td class=\"et2\" style=\"width: 219.15pt;\" width=\"219\">LeChao Candy<\/td>\n<\/tr>\n<tr style=\"height: 18.00pt;\">\n<td class=\"et2\" style=\"height: 18.00pt;\" height=\"18\">Type de produit<\/td>\n<td class=\"et3\" style=\"width: 219.15pt;\" width=\"219\">Bonbons g\u00e9lifi\u00e9s au hamburger<\/td>\n<\/tr>\n<tr style=\"height: 18.00pt;\">\n<td class=\"et2\" style=\"height: 18.00pt;\" height=\"18\">Le go\u00fbt<\/td>\n<td class=\"et3\" style=\"width: 219.15pt;\" width=\"219\">Aigre-doux et r\u00e9silient<\/td>\n<\/tr>\n<tr style=\"height: 17.60pt;\">\n<td class=\"et2\" style=\"height: 17.60pt;\" height=\"17\">Sp\u00e9cifications<\/td>\n<td class=\"et2\">108gx48bags<\/td>\n<\/tr>\n<tr style=\"height: 17.60pt;\">\n<td class=\"et2\" style=\"height: 17.60pt;\" height=\"17\">Taille du carton<\/td>\n<td class=\"et2\">44*30*26cm<\/td>\n<\/tr>\n<tr style=\"height: 17.60pt;\">\n<td class=\"et2\" style=\"height: 17.60pt;\" height=\"17\">N.W.\/Carton<\/td>\n<td class=\"et2\">6,4 kg<\/td>\n<\/tr>\n<tr style=\"height: 17.60pt;\">\n<td class=\"et2\" style=\"height: 17.60pt;\" height=\"17\">\u00c9chantillon<\/td>\n<td class=\"et2\">Disponible<\/td>\n<\/tr>\n<\/tbody>\n<\/table>","protected":false},"featured_media":819,"comment_status":"open","ping_status":"closed","template":"","meta":{"_acf_changed":false},"product_brand":[],"product_cat":[19],"product_tag":[],"class_list":{"0":"post-816","1":"product","2":"type-product","3":"status-publish","4":"has-post-thumbnail","6":"product_cat-wholesale-gummy-manufacturer","8":"first","9":"instock","10":"shipping-taxable","11":"product-type-simple"},"acf":[],"_links":{"self":[{"href":"https:\/\/www.lechaocandy.com\/fr\/wp-json\/wp\/v2\/product\/816","targetHints":{"allow":["GET"]}}],"collection":[{"href":"https:\/\/www.lechaocandy.com\/fr\/wp-json\/wp\/v2\/product"}],"about":[{"href":"https:\/\/www.lechaocandy.com\/fr\/wp-json\/wp\/v2\/types\/product"}],"replies":[{"embeddable":true,"href":"https:\/\/www.lechaocandy.com\/fr\/wp-json\/wp\/v2\/comments?post=816"}],"wp:featuredmedia":[{"embeddable":true,"href":"https:\/\/www.lechaocandy.com\/fr\/wp-json\/wp\/v2\/media\/819"}],"wp:attachment":[{"href":"https:\/\/www.lechaocandy.com\/fr\/wp-json\/wp\/v2\/media?parent=816"}],"wp:term":[{"taxonomy":"product_brand","embeddable":true,"href":"https:\/\/www.lechaocandy.com\/fr\/wp-json\/wp\/v2\/product_brand?post=816"},{"taxonomy":"product_cat","embeddable":true,"href":"https:\/\/www.lechaocandy.com\/fr\/wp-json\/wp\/v2\/product_cat?post=816"},{"taxonomy":"product_tag","embeddable":true,"href":"https:\/\/www.lechaocandy.com\/fr\/wp-json\/wp\/v2\/product_tag?post=816"}],"curies":[{"name":"wp","href":"https:\/\/api.w.org\/{rel}","templated":true}]}}