{"id":863,"date":"2025-05-22T08:41:41","date_gmt":"2025-05-22T08:41:41","guid":{"rendered":"https:\/\/www.lechaocandy.com\/?post_type=product&#038;p=863"},"modified":"2025-10-09T06:24:35","modified_gmt":"2025-10-09T06:24:35","slug":"bulk-candy-gummies","status":"publish","type":"product","link":"https:\/\/www.lechaocandy.com\/fr\/produit\/bulk-candy-gummies\/","title":{"rendered":"Bonbons \u00e0 la menthe en vrac, bonbons \u00e0 la menthe enrob\u00e9s d'acide"},"content":{"rendered":"<div class=\"wp-block-columns is-layout-flex wp-container-core-columns-is-layout-9d6595d7 wp-block-columns-is-layout-flex\"><div class=\"wp-block-column is-layout-flow wp-block-column-is-layout-flow\"><h2 class=\"wp-block-heading\">Produits phares des bonbons en vrac \u00e0 la menthe<\/h2>\n\n<ul class=\"wp-block-list\"><li><strong>Une double exp\u00e9rience gustative :<\/strong> Nos bonbons \u00e0 la menthe en vrac ont un c\u0153ur tendre et une couche ext\u00e9rieure de sucre en poudre, qui est fra\u00eeche et sucr\u00e9e, avec des couches riches.<\/li>\n\n<li><strong>Ar\u00f4me naturel de menthe : <\/strong>Ces gommes aromatis\u00e9es \u00e0 la menthe utilisent en gros de l'essence de menthe de haute qualit\u00e9 pour offrir une haleine fra\u00eeche de longue dur\u00e9e.<\/li>\n\n<li><strong>Des formes vari\u00e9es et des couleurs riches : <\/strong>Ces bonbons en vrac ont un aspect brillant et renforcent l'attrait visuel. Ils conviennent pour les festivals et \u00e0 des fins d\u00e9coratives.<\/li>\n\n<li><strong>Soutien \u00e0 la vente en gros : <\/strong>Nos gommes \u00e0 la menthe en gros sont de grande taille et abordables. Elles conviennent aux d\u00e9taillants, aux usines d'emballage et aux achats pour les festivals.<\/li>\n\n<li><strong>Processus de production de haut niveau : <\/strong>Ces bonbons en vrac sont soumis \u00e0 un contr\u00f4le strict de la s\u00e9curit\u00e9 alimentaire et pr\u00e9sentent une qualit\u00e9 stable. Ils conviennent aux march\u00e9s nationaux et \u00e9trangers.<\/li><\/ul><\/div>\n\n<div class=\"wp-block-column is-layout-flow wp-block-column-is-layout-flow\"><figure class=\"wp-block-image size-full\"><img decoding=\"async\" width=\"800\" height=\"800\" src=\"https:\/\/www.lechaocandy.com\/wp-content\/uploads\/2025\/05\/Minty-Bulk-Candy-Gummies-Sugar-Coated-Mint-Gummy-Candy-5.webp\" alt=\"Bonbons \u00e0 la menthe en vrac, bonbons \u00e0 la menthe enrob\u00e9s de sucre-5\" class=\"wp-image-868\" srcset=\"https:\/\/www.lechaocandy.com\/wp-content\/uploads\/2025\/05\/Minty-Bulk-Candy-Gummies-Sugar-Coated-Mint-Gummy-Candy-5.webp 800w, https:\/\/www.lechaocandy.com\/wp-content\/uploads\/2025\/05\/Minty-Bulk-Candy-Gummies-Sugar-Coated-Mint-Gummy-Candy-5-300x300.webp 300w, https:\/\/www.lechaocandy.com\/wp-content\/uploads\/2025\/05\/Minty-Bulk-Candy-Gummies-Sugar-Coated-Mint-Gummy-Candy-5-150x150.webp 150w, https:\/\/www.lechaocandy.com\/wp-content\/uploads\/2025\/05\/Minty-Bulk-Candy-Gummies-Sugar-Coated-Mint-Gummy-Candy-5-768x768.webp 768w, https:\/\/www.lechaocandy.com\/wp-content\/uploads\/2025\/05\/Minty-Bulk-Candy-Gummies-Sugar-Coated-Mint-Gummy-Candy-5-600x600.webp 600w, https:\/\/www.lechaocandy.com\/wp-content\/uploads\/2025\/05\/Minty-Bulk-Candy-Gummies-Sugar-Coated-Mint-Gummy-Candy-5-100x100.webp 100w\" sizes=\"(max-width: 800px) 100vw, 800px\" \/><\/figure><\/div><\/div>","protected":false},"excerpt":{"rendered":"<p>Bienvenue \u00e0 l'achat de bonbons g\u00e9lifi\u00e9s en vrac. Nos gommes \u00e0 la menthe en gros combinent la menthe rafra\u00eechissante et les saveurs fruit\u00e9es sucr\u00e9es, et sont enrob\u00e9es de sucre en poudre fin. C'est une combinaison parfaite d'haleine fra\u00eeche et de plaisir d\u00e9licieux, qui convient \u00e0 une vari\u00e9t\u00e9 de sc\u00e9narios de vente.<\/p>\n<table style=\"border-collapse: collapse; width: 329.02pt;\" border=\"0\" width=\"329\" cellspacing=\"0\" cellpadding=\"0\">\n<tbody>\n<tr style=\"height: 17.60pt;\">\n<td class=\"et2\" style=\"height: 17.60pt; width: 110.80pt;\" width=\"110\" height=\"17\">Fabricant<\/td>\n<td class=\"et2\" style=\"width: 219.15pt;\" width=\"219\">LeChao Candy<\/td>\n<\/tr>\n<tr style=\"height: 18.00pt;\">\n<td class=\"et2\" style=\"height: 18.00pt;\" height=\"18\">Type de produit<\/td>\n<td class=\"et3\" style=\"width: 219.15pt;\" width=\"219\">Bonbons gommeux \u00e0 la menthe<\/td>\n<\/tr>\n<tr style=\"height: 18.00pt;\">\n<td class=\"et2\" style=\"height: 18.00pt;\" height=\"18\">Le go\u00fbt<\/td>\n<td class=\"et3\" style=\"width: 219.15pt;\" width=\"219\">Aigre-doux et r\u00e9silient<\/td>\n<\/tr>\n<tr style=\"height: 17.60pt;\">\n<td class=\"et2\" style=\"height: 17.60pt;\" height=\"17\">Sp\u00e9cifications<\/td>\n<td class=\"et2\">60g*12bouteilles*6bo\u00eetes<\/td>\n<\/tr>\n<tr style=\"height: 17.60pt;\">\n<td class=\"et2\" style=\"height: 17.60pt;\" height=\"17\">Taille du carton<\/td>\n<td class=\"et2\">44.5*17*25.7cm<\/td>\n<\/tr>\n<tr style=\"height: 17.60pt;\">\n<td class=\"et2\" style=\"height: 17.60pt;\" height=\"17\">N.W.\/Carton<\/td>\n<td class=\"et2\">5,7 kg<\/td>\n<\/tr>\n<tr style=\"height: 17.60pt;\">\n<td class=\"et2\" style=\"height: 17.60pt;\" height=\"17\">\u00c9chantillon<\/td>\n<td class=\"et2\">Disponible<\/td>\n<\/tr>\n<\/tbody>\n<\/table>","protected":false},"featured_media":865,"comment_status":"open","ping_status":"closed","template":"","meta":{"_acf_changed":false},"product_brand":[],"product_cat":[19,28],"product_tag":[],"class_list":{"0":"post-863","1":"product","2":"type-product","3":"status-publish","4":"has-post-thumbnail","6":"product_cat-wholesale-gummy-manufacturer","7":"product_cat-bulk-sour-gummies","9":"first","10":"instock","11":"shipping-taxable","12":"product-type-simple"},"acf":[],"_links":{"self":[{"href":"https:\/\/www.lechaocandy.com\/fr\/wp-json\/wp\/v2\/product\/863","targetHints":{"allow":["GET"]}}],"collection":[{"href":"https:\/\/www.lechaocandy.com\/fr\/wp-json\/wp\/v2\/product"}],"about":[{"href":"https:\/\/www.lechaocandy.com\/fr\/wp-json\/wp\/v2\/types\/product"}],"replies":[{"embeddable":true,"href":"https:\/\/www.lechaocandy.com\/fr\/wp-json\/wp\/v2\/comments?post=863"}],"wp:featuredmedia":[{"embeddable":true,"href":"https:\/\/www.lechaocandy.com\/fr\/wp-json\/wp\/v2\/media\/865"}],"wp:attachment":[{"href":"https:\/\/www.lechaocandy.com\/fr\/wp-json\/wp\/v2\/media?parent=863"}],"wp:term":[{"taxonomy":"product_brand","embeddable":true,"href":"https:\/\/www.lechaocandy.com\/fr\/wp-json\/wp\/v2\/product_brand?post=863"},{"taxonomy":"product_cat","embeddable":true,"href":"https:\/\/www.lechaocandy.com\/fr\/wp-json\/wp\/v2\/product_cat?post=863"},{"taxonomy":"product_tag","embeddable":true,"href":"https:\/\/www.lechaocandy.com\/fr\/wp-json\/wp\/v2\/product_tag?post=863"}],"curies":[{"name":"wp","href":"https:\/\/api.w.org\/{rel}","templated":true}]}}