{"id":869,"date":"2025-05-22T09:17:24","date_gmt":"2025-05-22T09:17:24","guid":{"rendered":"https:\/\/www.lechaocandy.com\/?post_type=product&#038;p=869"},"modified":"2025-05-22T09:17:25","modified_gmt":"2025-05-22T09:17:25","slug":"jelly-bean-wholesale","status":"publish","type":"product","link":"https:\/\/www.lechaocandy.com\/fr\/produit\/jelly-bean-wholesale\/","title":{"rendered":"LeChao Jelly Bean enrob\u00e9 de chocolat en gros dans un tube en papier"},"content":{"rendered":"<div class=\"wp-block-columns is-layout-flex wp-container-core-columns-is-layout-9d6595d7 wp-block-columns-is-layout-flex\"><div class=\"wp-block-column is-layout-flow wp-block-column-is-layout-flow\"><h2 class=\"wp-block-heading\">Produits phares de la vente en gros de bonbons \u00e0 la gel\u00e9e enrob\u00e9s de chocolat<\/h2>\n\n<ul class=\"wp-block-list\"><li><strong>Coquille en chocolat avec des surprises cach\u00e9es : <\/strong>Ce gros bonbon enrob\u00e9 de chocolat est envelopp\u00e9 d'un c\u0153ur tendre et fruit\u00e9 et d'un riche chocolat noir. Lorsque vous le croquerez, vous serez \u00e9tonn\u00e9 par ses diff\u00e9rentes couches et son go\u00fbt riche vous donnera envie de vous arr\u00eater.<\/li>\n\n<li><strong>Emballage en tube de papier l\u00e9ger, \u00e0 la fois beau et pratique :<\/strong> L'emballage de ces bonbons g\u00e9lifi\u00e9s en vrac est facile \u00e0 transporter et \u00e0 stocker, ce qui est \u00e0 la fois respectueux de l'environnement et \u00e0 la mode. Qu'il se trouve sur l'\u00e9tag\u00e8re des snacks ou dans une bo\u00eete cadeau, il t\u00e9moigne d'un sens de la qualit\u00e9.<\/li>\n\n<li><strong>Outil de pr\u00e9sentation de grande valeur pour renforcer le pouvoir de vente :<\/strong> Cette drag\u00e9e enrob\u00e9e de chocolat est emball\u00e9e dans un tube en papier simple et haut de gamme, qui convient \u00e0 la pr\u00e9sentation en supermarch\u00e9, \u00e0 la pr\u00e9sentation en exposition et \u00e0 l'emballage d'en-cas, contribuant ainsi \u00e0 augmenter les ventes de terminaux.<\/li>\n\n<li><strong>Mati\u00e8res premi\u00e8res s\u00e9lectionn\u00e9es, plus s\u00fbres pour la consommation :<\/strong> Nos bonbons en vrac s\u00e9lectionnent rigoureusement des chocolats de haute qualit\u00e9 et des noyaux fruit\u00e9s, sans ajout d'ar\u00f4mes artificiels, avec un go\u00fbt sucr\u00e9 mod\u00e9r\u00e9, convenant \u00e0 tous les \u00e2ges.<\/li>\n\n<li><strong>Favorable \u00e0 la vente en gros, marge b\u00e9n\u00e9ficiaire importante : <\/strong>Notre vente en gros de bonbons g\u00e9lifi\u00e9s enrob\u00e9s de chocolat est con\u00e7ue pour les d\u00e9taillants, le commerce \u00e9lectronique et les clients OEM dans des solutions d'emballage de grande taille, avec un approvisionnement stable, un co\u00fbt \u00e9lev\u00e9 et un soutien \u00e0 la personnalisation.<\/li><\/ul><\/div>\n\n<div class=\"wp-block-column is-layout-flow wp-block-column-is-layout-flow\"><figure class=\"wp-block-image size-full\"><img decoding=\"async\" width=\"800\" height=\"800\" src=\"https:\/\/www.lechaocandy.com\/wp-content\/uploads\/2025\/05\/LeChao-Chocolate-Covered-Jelly-Bean-Wholesale-In-Paper-Tube-1.webp\" alt=\"LeChao Jelly Bean enrob\u00e9 de chocolat en gros dans un tube en papier-1\" class=\"wp-image-870\" srcset=\"https:\/\/www.lechaocandy.com\/wp-content\/uploads\/2025\/05\/LeChao-Chocolate-Covered-Jelly-Bean-Wholesale-In-Paper-Tube-1.webp 800w, https:\/\/www.lechaocandy.com\/wp-content\/uploads\/2025\/05\/LeChao-Chocolate-Covered-Jelly-Bean-Wholesale-In-Paper-Tube-1-300x300.webp 300w, https:\/\/www.lechaocandy.com\/wp-content\/uploads\/2025\/05\/LeChao-Chocolate-Covered-Jelly-Bean-Wholesale-In-Paper-Tube-1-150x150.webp 150w, https:\/\/www.lechaocandy.com\/wp-content\/uploads\/2025\/05\/LeChao-Chocolate-Covered-Jelly-Bean-Wholesale-In-Paper-Tube-1-768x768.webp 768w, https:\/\/www.lechaocandy.com\/wp-content\/uploads\/2025\/05\/LeChao-Chocolate-Covered-Jelly-Bean-Wholesale-In-Paper-Tube-1-600x600.webp 600w, https:\/\/www.lechaocandy.com\/wp-content\/uploads\/2025\/05\/LeChao-Chocolate-Covered-Jelly-Bean-Wholesale-In-Paper-Tube-1-100x100.webp 100w\" sizes=\"(max-width: 800px) 100vw, 800px\" \/><\/figure><\/div><\/div>","protected":false},"excerpt":{"rendered":"<p>Bienvenue sur le site d'achat en gros de bonbons g\u00e9lifi\u00e9s. Nos bonbons enrob\u00e9s de chocolat en gros sont sucr\u00e9s mais non gras, avec des niveaux de go\u00fbt distincts. L'emballage en tube de papier, respectueux de l'environnement, est facile \u00e0 transporter et \u00e0 pr\u00e9senter, et permet les achats en gros.<\/p>\n<table style=\"border-collapse: collapse; width: 329.02pt;\" border=\"0\" width=\"329\" cellspacing=\"0\" cellpadding=\"0\">\n<tbody>\n<tr style=\"height: 17.60pt;\">\n<td class=\"et2\" style=\"height: 17.60pt; width: 110.80pt;\" width=\"110\" height=\"17\">Fabricant<\/td>\n<td class=\"et2\" style=\"width: 219.15pt;\" width=\"219\">LeChao Candy<\/td>\n<\/tr>\n<tr style=\"height: 18.00pt;\">\n<td class=\"et2\" style=\"height: 18.00pt;\" height=\"18\">Type de produit<\/td>\n<td class=\"et3\" style=\"width: 219.15pt;\" width=\"219\">Bonbons \u00e0 la gel\u00e9e enrob\u00e9s de chocolat<\/td>\n<\/tr>\n<tr style=\"height: 18.00pt;\">\n<td class=\"et2\" style=\"height: 18.00pt;\" height=\"18\">Le go\u00fbt<\/td>\n<td class=\"et3\" style=\"width: 219.15pt;\" width=\"219\">Riche, doux et r\u00e9sistant<\/td>\n<\/tr>\n<tr style=\"height: 17.60pt;\">\n<td class=\"et2\" style=\"height: 17.60pt;\" height=\"17\">Sp\u00e9cifications<\/td>\n<td class=\"et2\">60g*12bouteilles*6bo\u00eetes<\/td>\n<\/tr>\n<tr style=\"height: 17.60pt;\">\n<td class=\"et2\" style=\"height: 17.60pt;\" height=\"17\">Taille du carton<\/td>\n<td class=\"et2\">44.5*17*25.7cm<\/td>\n<\/tr>\n<tr style=\"height: 17.60pt;\">\n<td class=\"et2\" style=\"height: 17.60pt;\" height=\"17\">N.W.\/Carton<\/td>\n<td class=\"et2\">5,7 kg<\/td>\n<\/tr>\n<tr style=\"height: 17.60pt;\">\n<td class=\"et2\" style=\"height: 17.60pt;\" height=\"17\">\u00c9chantillon<\/td>\n<td class=\"et2\">Disponible<\/td>\n<\/tr>\n<\/tbody>\n<\/table>","protected":false},"featured_media":873,"comment_status":"open","ping_status":"closed","template":"","meta":{"_acf_changed":false},"product_brand":[],"product_cat":[21,23],"product_tag":[],"class_list":{"0":"post-869","1":"product","2":"type-product","3":"status-publish","4":"has-post-thumbnail","6":"product_cat-jelly-bean-wholesale","7":"product_cat-wholesale-chocolate-candy","9":"first","10":"instock","11":"shipping-taxable","12":"product-type-simple"},"acf":[],"_links":{"self":[{"href":"https:\/\/www.lechaocandy.com\/fr\/wp-json\/wp\/v2\/product\/869","targetHints":{"allow":["GET"]}}],"collection":[{"href":"https:\/\/www.lechaocandy.com\/fr\/wp-json\/wp\/v2\/product"}],"about":[{"href":"https:\/\/www.lechaocandy.com\/fr\/wp-json\/wp\/v2\/types\/product"}],"replies":[{"embeddable":true,"href":"https:\/\/www.lechaocandy.com\/fr\/wp-json\/wp\/v2\/comments?post=869"}],"wp:featuredmedia":[{"embeddable":true,"href":"https:\/\/www.lechaocandy.com\/fr\/wp-json\/wp\/v2\/media\/873"}],"wp:attachment":[{"href":"https:\/\/www.lechaocandy.com\/fr\/wp-json\/wp\/v2\/media?parent=869"}],"wp:term":[{"taxonomy":"product_brand","embeddable":true,"href":"https:\/\/www.lechaocandy.com\/fr\/wp-json\/wp\/v2\/product_brand?post=869"},{"taxonomy":"product_cat","embeddable":true,"href":"https:\/\/www.lechaocandy.com\/fr\/wp-json\/wp\/v2\/product_cat?post=869"},{"taxonomy":"product_tag","embeddable":true,"href":"https:\/\/www.lechaocandy.com\/fr\/wp-json\/wp\/v2\/product_tag?post=869"}],"curies":[{"name":"wp","href":"https:\/\/api.w.org\/{rel}","templated":true}]}}