{"id":875,"date":"2025-05-22T09:38:12","date_gmt":"2025-05-22T09:38:12","guid":{"rendered":"https:\/\/www.lechaocandy.com\/?post_type=product&#038;p=875"},"modified":"2025-10-09T06:23:16","modified_gmt":"2025-10-09T06:23:16","slug":"blue-gummy-candy-bulk","status":"publish","type":"product","link":"https:\/\/www.lechaocandy.com\/fr\/produit\/blue-gummy-candy-bulk\/","title":{"rendered":"Bouteille de bonbons g\u00e9lifi\u00e9s bleu menthe en vrac, bonbons g\u00e9lifi\u00e9s enrob\u00e9s acidul\u00e9s"},"content":{"rendered":"<div class=\"wp-block-columns is-layout-flex wp-container-core-columns-is-layout-9d6595d7 wp-block-columns-is-layout-flex\"><div class=\"wp-block-column is-layout-flow wp-block-column-is-layout-flow\"><h2 class=\"wp-block-heading\">Points forts du produit Bonbons g\u00e9lifi\u00e9s bleu menthe en vrac<\/h2>\n\n<ul class=\"wp-block-list\"><li><strong>Go\u00fbt frais et rafra\u00eechissant : <\/strong>Ce bonbon gommeux bleu en vrac procure une sensation durable et rafra\u00eechissante, et constitue un en-cas indispensable pour soulager les graisses de l'\u00e9t\u00e9.<\/li>\n\n<li><strong>Aspect gommeux bleu : <\/strong>Ce bonbon tendre de gros est bleu vif et recouvert de sucre en poudre, ce qui attire l'attention et permet de cr\u00e9er une gamme de bonbons \u00e0 la mode.<\/li>\n\n<li><strong>Bouteille portable : <\/strong>Cette bouteille de bonbons g\u00e9lifi\u00e9s bleus en vrac est r\u00e9sistante \u00e0 l'humidit\u00e9 et scell\u00e9e. Elle est facile \u00e0 transporter et convient pour le bureau, les trajets quotidiens, les voyages et d'autres sc\u00e9narios.<\/li>\n\n<li><strong>Double go\u00fbt : <\/strong>Ces gros bonbons mous sont recouverts d'une couche de sucre l\u00e9g\u00e8rement croustillante \u00e0 l'ext\u00e9rieur, et l'int\u00e9rieur est doux et moelleux, avec un entrelacement rafra\u00eechissant et sucr\u00e9, plein d'arri\u00e8re-go\u00fbt.<\/li>\n\n<li><strong>Marge b\u00e9n\u00e9ficiaire suffisante : <\/strong>Nos bonbons g\u00e9lifi\u00e9s bleus en vrac conviennent \u00e0 la vente au d\u00e9tail, \u00e0 la personnalisation de marques, \u00e0 l'assortiment de bo\u00eetes-cadeaux et \u00e0 d'autres sc\u00e9narios, avec un emballage unifi\u00e9 et pr\u00eat \u00e0 \u00eatre vendu en rayon.<\/li><\/ul><\/div>\n\n<div class=\"wp-block-column is-layout-flow wp-block-column-is-layout-flow\"><figure class=\"wp-block-image size-full\"><img decoding=\"async\" width=\"800\" height=\"800\" src=\"https:\/\/www.lechaocandy.com\/wp-content\/uploads\/2025\/05\/Bottle-Minty-Blue-Gummy-Candy-Bulk-Cool-Sugar-Coated-Gummy-3.webp\" alt=\"Bouteille de bonbons g\u00e9lifi\u00e9s bleu menthe en vrac, bonbons g\u00e9lifi\u00e9s enrob\u00e9s de sucre frais-3\" class=\"wp-image-878\" srcset=\"https:\/\/www.lechaocandy.com\/wp-content\/uploads\/2025\/05\/Bottle-Minty-Blue-Gummy-Candy-Bulk-Cool-Sugar-Coated-Gummy-3.webp 800w, https:\/\/www.lechaocandy.com\/wp-content\/uploads\/2025\/05\/Bottle-Minty-Blue-Gummy-Candy-Bulk-Cool-Sugar-Coated-Gummy-3-300x300.webp 300w, https:\/\/www.lechaocandy.com\/wp-content\/uploads\/2025\/05\/Bottle-Minty-Blue-Gummy-Candy-Bulk-Cool-Sugar-Coated-Gummy-3-150x150.webp 150w, https:\/\/www.lechaocandy.com\/wp-content\/uploads\/2025\/05\/Bottle-Minty-Blue-Gummy-Candy-Bulk-Cool-Sugar-Coated-Gummy-3-768x768.webp 768w, https:\/\/www.lechaocandy.com\/wp-content\/uploads\/2025\/05\/Bottle-Minty-Blue-Gummy-Candy-Bulk-Cool-Sugar-Coated-Gummy-3-600x600.webp 600w, https:\/\/www.lechaocandy.com\/wp-content\/uploads\/2025\/05\/Bottle-Minty-Blue-Gummy-Candy-Bulk-Cool-Sugar-Coated-Gummy-3-100x100.webp 100w\" sizes=\"(max-width: 800px) 100vw, 800px\" \/><\/figure><\/div><\/div>","protected":false},"excerpt":{"rendered":"<p>Bienvenue pour l'achat en gros de bonbons g\u00e9lifi\u00e9s bleus. Nos bonbons mous rafra\u00eechissants \u00e0 la menthe en gros sont enrob\u00e9s de sucre en poudre fin, qui fondent dans la bouche et apportent une exp\u00e9rience gustative fra\u00eeche et rafra\u00eechissante. Il adopte un design de bouteille portable et supporte l'achat en gros et les services de personnalisation.<\/p>\n<table style=\"border-collapse: collapse; width: 329.02pt;\" border=\"0\" width=\"329\" cellspacing=\"0\" cellpadding=\"0\">\n<tbody>\n<tr style=\"height: 17.60pt;\">\n<td class=\"et2\" style=\"height: 17.60pt; width: 110.80pt;\" width=\"110\" height=\"17\">Fabricant<\/td>\n<td class=\"et2\" style=\"width: 219.15pt;\" width=\"219\">LeChao Candy<\/td>\n<\/tr>\n<tr style=\"height: 18.00pt;\">\n<td class=\"et2\" style=\"height: 18.00pt;\" height=\"18\">Type de produit<\/td>\n<td class=\"et3\" style=\"width: 219.15pt;\" width=\"219\">Bonbons \u00e0 la gel\u00e9e enrob\u00e9s de chocolat<\/td>\n<\/tr>\n<tr style=\"height: 18.00pt;\">\n<td class=\"et2\" style=\"height: 18.00pt;\" height=\"18\">Le go\u00fbt<\/td>\n<td class=\"et3\" style=\"width: 219.15pt;\" width=\"219\">Cool &amp; Sweet &amp; Resilient<\/td>\n<\/tr>\n<tr style=\"height: 17.60pt;\">\n<td class=\"et2\" style=\"height: 17.60pt;\" height=\"17\">Sp\u00e9cifications<\/td>\n<td class=\"et2\">68gx8bouteillesx10bo\u00eetes<\/td>\n<\/tr>\n<tr style=\"height: 17.60pt;\">\n<td class=\"et2\" style=\"height: 17.60pt;\" height=\"17\">Taille du carton<\/td>\n<td class=\"et2\">49*19.8*20cm<\/td>\n<\/tr>\n<tr style=\"height: 17.60pt;\">\n<td class=\"et2\" style=\"height: 17.60pt;\" height=\"17\">N.W.\/Carton<\/td>\n<td class=\"et2\">7,0 kg<\/td>\n<\/tr>\n<tr style=\"height: 17.60pt;\">\n<td class=\"et2\" style=\"height: 17.60pt;\" height=\"17\">MOQ<\/td>\n<td class=\"et2\">500CTNS<\/td>\n<\/tr>\n<tr style=\"height: 17.60pt;\">\n<td class=\"et2\" style=\"height: 17.60pt;\" height=\"17\">\u00c9chantillon<\/td>\n<td class=\"et2\">Disponible<\/td>\n<\/tr>\n<\/tbody>\n<\/table>","protected":false},"featured_media":879,"comment_status":"open","ping_status":"closed","template":"","meta":{"_acf_changed":false},"product_brand":[],"product_cat":[19,28],"product_tag":[],"class_list":{"0":"post-875","1":"product","2":"type-product","3":"status-publish","4":"has-post-thumbnail","6":"product_cat-wholesale-gummy-manufacturer","7":"product_cat-bulk-sour-gummies","9":"first","10":"instock","11":"shipping-taxable","12":"product-type-simple"},"acf":[],"_links":{"self":[{"href":"https:\/\/www.lechaocandy.com\/fr\/wp-json\/wp\/v2\/product\/875","targetHints":{"allow":["GET"]}}],"collection":[{"href":"https:\/\/www.lechaocandy.com\/fr\/wp-json\/wp\/v2\/product"}],"about":[{"href":"https:\/\/www.lechaocandy.com\/fr\/wp-json\/wp\/v2\/types\/product"}],"replies":[{"embeddable":true,"href":"https:\/\/www.lechaocandy.com\/fr\/wp-json\/wp\/v2\/comments?post=875"}],"wp:featuredmedia":[{"embeddable":true,"href":"https:\/\/www.lechaocandy.com\/fr\/wp-json\/wp\/v2\/media\/879"}],"wp:attachment":[{"href":"https:\/\/www.lechaocandy.com\/fr\/wp-json\/wp\/v2\/media?parent=875"}],"wp:term":[{"taxonomy":"product_brand","embeddable":true,"href":"https:\/\/www.lechaocandy.com\/fr\/wp-json\/wp\/v2\/product_brand?post=875"},{"taxonomy":"product_cat","embeddable":true,"href":"https:\/\/www.lechaocandy.com\/fr\/wp-json\/wp\/v2\/product_cat?post=875"},{"taxonomy":"product_tag","embeddable":true,"href":"https:\/\/www.lechaocandy.com\/fr\/wp-json\/wp\/v2\/product_tag?post=875"}],"curies":[{"name":"wp","href":"https:\/\/api.w.org\/{rel}","templated":true}]}}