{"id":881,"date":"2025-05-22T09:50:04","date_gmt":"2025-05-22T09:50:04","guid":{"rendered":"https:\/\/www.lechaocandy.com\/?post_type=product&#038;p=881"},"modified":"2025-05-22T09:58:58","modified_gmt":"2025-05-22T09:58:58","slug":"wholesale-gummy-candy","status":"publish","type":"product","link":"https:\/\/www.lechaocandy.com\/fr\/produit\/wholesale-gummy-candy\/","title":{"rendered":"Bone Wholesale Gummy Candy, Lovely Chewy Candies In Bulk (Bonbons \u00e0 m\u00e2cher en vrac)"},"content":{"rendered":"<div class=\"wp-block-columns is-layout-flex wp-container-core-columns-is-layout-9d6595d7 wp-block-columns-is-layout-flex\"><div class=\"wp-block-column is-layout-flow wp-block-column-is-layout-flow\"><h2 class=\"wp-block-heading\">Points forts du produit Bone Wholesale Gummy Candy (bonbons g\u00e9lifi\u00e9s en gros)<\/h2>\n\n<ul class=\"wp-block-list\"><li><strong>Forme osseuse cr\u00e9ative et amusante :<\/strong> Ce bonbon g\u00e9lifi\u00e9 en gros a une forme osseuse unique, qui rompt avec la forme traditionnelle des bonbons g\u00e9lifi\u00e9s, et il est tr\u00e8s appr\u00e9ci\u00e9 des enfants et des jeunes.<\/li>\n\n<li><strong>Plus on m\u00e2che, plus c'est d\u00e9licieux : <\/strong>Ces bonbons g\u00e9lifi\u00e9s ont une texture g\u00e9lifi\u00e9e tr\u00e8s \u00e9lastique, ils sont durs en bouche et ont un go\u00fbt riche, ce qui fait que les gens ne peuvent pas s'arr\u00eater.<\/li>\n\n<li><strong>Les couleurs sont assorties, ce qui permet d'attirer l'attention :<\/strong> Ces bonbons g\u00e9lifi\u00e9s en gros ont 3 couleurs, conviennent \u00e0 l'agencement d'une atmosph\u00e8re festive et \u00e0 la pr\u00e9sentation d'un assortiment de snacks, afin de renforcer le d\u00e9sir d'acheter.<\/li>\n\n<li><strong>Vente en gros, adapt\u00e9e \u00e0 une vari\u00e9t\u00e9 de canaux de vente : <\/strong>Nos bonbons g\u00e9lifi\u00e9s en vrac sont volumineux et abordables. Ils conviennent aux d\u00e9taillants, aux cadeaux de vacances, aux activit\u00e9s festives et aux sous-emballages OEM.<\/li>\n\n<li><strong>Ingr\u00e9dients s\u00fbrs, garantie de qualit\u00e9 : <\/strong>Nos bonbons g\u00e9lifi\u00e9s en gros sont strictement fabriqu\u00e9s selon des processus de production de qualit\u00e9 alimentaire, conformes aux normes internationales, sains et d\u00e9licieux, afin de rassurer les clients.<\/li><\/ul><\/div>\n\n<div class=\"wp-block-column is-layout-flow wp-block-column-is-layout-flow\"><figure class=\"wp-block-image size-full\"><img decoding=\"async\" width=\"800\" height=\"800\" src=\"https:\/\/www.lechaocandy.com\/wp-content\/uploads\/2025\/05\/Bone-Wholesale-Gummy-Candy-Lovely-Chewy-Candies-In-Bulk-4.webp\" alt=\"Bone Wholesale Gummy Candy, Lovely Chewy Candies In Bulk-4 (Bonbons \u00e0 m\u00e2cher en vrac)\" class=\"wp-image-885\" srcset=\"https:\/\/www.lechaocandy.com\/wp-content\/uploads\/2025\/05\/Bone-Wholesale-Gummy-Candy-Lovely-Chewy-Candies-In-Bulk-4.webp 800w, https:\/\/www.lechaocandy.com\/wp-content\/uploads\/2025\/05\/Bone-Wholesale-Gummy-Candy-Lovely-Chewy-Candies-In-Bulk-4-300x300.webp 300w, https:\/\/www.lechaocandy.com\/wp-content\/uploads\/2025\/05\/Bone-Wholesale-Gummy-Candy-Lovely-Chewy-Candies-In-Bulk-4-150x150.webp 150w, https:\/\/www.lechaocandy.com\/wp-content\/uploads\/2025\/05\/Bone-Wholesale-Gummy-Candy-Lovely-Chewy-Candies-In-Bulk-4-768x768.webp 768w, https:\/\/www.lechaocandy.com\/wp-content\/uploads\/2025\/05\/Bone-Wholesale-Gummy-Candy-Lovely-Chewy-Candies-In-Bulk-4-600x600.webp 600w, https:\/\/www.lechaocandy.com\/wp-content\/uploads\/2025\/05\/Bone-Wholesale-Gummy-Candy-Lovely-Chewy-Candies-In-Bulk-4-100x100.webp 100w\" sizes=\"(max-width: 800px) 100vw, 800px\" \/><\/figure><\/div><\/div>","protected":false},"excerpt":{"rendered":"<p>Nous vous invitons \u00e0 acheter des bonbons g\u00e9lifi\u00e9s en vrac. Ces bonbons g\u00e9lifi\u00e9s en forme d'os sont uniques et mignons, accrocheurs et reconnaissables, et constituent un choix id\u00e9al pour les festivals, les f\u00eates et les en-cas quotidiens. Nous prenons en charge l'approvisionnement en gros et l'emballage personnalis\u00e9.<\/p>\n<table style=\"border-collapse: collapse; width: 329.02pt;\" border=\"0\" width=\"329\" cellspacing=\"0\" cellpadding=\"0\">\n<tbody>\n<tr style=\"height: 17.60pt;\">\n<td class=\"et2\" style=\"height: 17.60pt; width: 110.80pt;\" width=\"110\" height=\"17\">Fabricant<\/td>\n<td class=\"et2\" style=\"width: 219.15pt;\" width=\"219\">LeChao Candy<\/td>\n<\/tr>\n<tr style=\"height: 18.00pt;\">\n<td class=\"et2\" style=\"height: 18.00pt;\" height=\"18\">Type de produit<\/td>\n<td class=\"et3\" style=\"width: 219.15pt;\" width=\"219\">Bonbons g\u00e9lifi\u00e9s \u00e0 l'os<\/td>\n<\/tr>\n<tr style=\"height: 18.00pt;\">\n<td class=\"et2\" style=\"height: 18.00pt;\" height=\"18\">Le go\u00fbt<\/td>\n<td class=\"et3\" style=\"width: 219.15pt;\" width=\"219\">Aigre-doux et r\u00e9silient<\/td>\n<\/tr>\n<tr style=\"height: 17.60pt;\">\n<td class=\"et2\" style=\"height: 17.60pt;\" height=\"17\">Sp\u00e9cifications<\/td>\n<td class=\"et2\">10gx24bagsx24boxes<\/td>\n<\/tr>\n<tr style=\"height: 17.60pt;\">\n<td class=\"et2\" style=\"height: 17.60pt;\" height=\"17\">Taille du carton<\/td>\n<td class=\"et2\">37x33x29cm<\/td>\n<\/tr>\n<tr style=\"height: 17.60pt;\">\n<td class=\"et2\" style=\"height: 17.60pt;\" height=\"17\">N.W.\/Carton<\/td>\n<td class=\"et2\">7,0 kg<\/td>\n<\/tr>\n<tr style=\"height: 17.60pt;\">\n<td class=\"et2\" style=\"height: 17.60pt;\" height=\"17\">Prix<\/td>\n<td class=\"et2\">26.5USD<\/td>\n<\/tr>\n<tr style=\"height: 17.60pt;\">\n<td class=\"et2\" style=\"height: 17.60pt;\" height=\"17\">MOQ<\/td>\n<td class=\"et2\">500CTNS<\/td>\n<\/tr>\n<tr style=\"height: 17.60pt;\">\n<td class=\"et2\" style=\"height: 17.60pt;\" height=\"17\">\u00c9chantillon<\/td>\n<td class=\"et2\">Disponible<\/td>\n<\/tr>\n<\/tbody>\n<\/table>","protected":false},"featured_media":883,"comment_status":"open","ping_status":"closed","template":"","meta":{"_acf_changed":false},"product_brand":[],"product_cat":[19],"product_tag":[],"class_list":{"0":"post-881","1":"product","2":"type-product","3":"status-publish","4":"has-post-thumbnail","6":"product_cat-wholesale-gummy-manufacturer","8":"first","9":"instock","10":"shipping-taxable","11":"product-type-simple"},"acf":[],"_links":{"self":[{"href":"https:\/\/www.lechaocandy.com\/fr\/wp-json\/wp\/v2\/product\/881","targetHints":{"allow":["GET"]}}],"collection":[{"href":"https:\/\/www.lechaocandy.com\/fr\/wp-json\/wp\/v2\/product"}],"about":[{"href":"https:\/\/www.lechaocandy.com\/fr\/wp-json\/wp\/v2\/types\/product"}],"replies":[{"embeddable":true,"href":"https:\/\/www.lechaocandy.com\/fr\/wp-json\/wp\/v2\/comments?post=881"}],"wp:featuredmedia":[{"embeddable":true,"href":"https:\/\/www.lechaocandy.com\/fr\/wp-json\/wp\/v2\/media\/883"}],"wp:attachment":[{"href":"https:\/\/www.lechaocandy.com\/fr\/wp-json\/wp\/v2\/media?parent=881"}],"wp:term":[{"taxonomy":"product_brand","embeddable":true,"href":"https:\/\/www.lechaocandy.com\/fr\/wp-json\/wp\/v2\/product_brand?post=881"},{"taxonomy":"product_cat","embeddable":true,"href":"https:\/\/www.lechaocandy.com\/fr\/wp-json\/wp\/v2\/product_cat?post=881"},{"taxonomy":"product_tag","embeddable":true,"href":"https:\/\/www.lechaocandy.com\/fr\/wp-json\/wp\/v2\/product_tag?post=881"}],"curies":[{"name":"wp","href":"https:\/\/api.w.org\/{rel}","templated":true}]}}