{"id":887,"date":"2025-05-23T02:59:52","date_gmt":"2025-05-23T02:59:52","guid":{"rendered":"https:\/\/www.lechaocandy.com\/?post_type=product&#038;p=887"},"modified":"2025-10-09T06:20:50","modified_gmt":"2025-10-09T06:20:50","slug":"gummy-bulk","status":"publish","type":"product","link":"https:\/\/www.lechaocandy.com\/fr\/produit\/gummy-bulk\/","title":{"rendered":"Champignon enrob\u00e9 de sucre Gummy Bulk, Chewy Candy Wholesale"},"content":{"rendered":"<div class=\"wp-block-columns is-layout-flex wp-container-core-columns-is-layout-9d6595d7 wp-block-columns-is-layout-flex\"><div class=\"wp-block-column is-layout-flow wp-block-column-is-layout-flow\"><h2 class=\"wp-block-heading\">Product Highlights of Sour Mushroom Gummy Bulk<\/h2>\n\n<ul class=\"wp-block-list\"><li><strong>Forme de champignon, mignonne et attrayante : <\/strong>Ce bonbon g\u00e9lifi\u00e9 en vrac adopte une forme mignonne de champignon, qui est r\u00e9aliste et int\u00e9ressante. Il est tr\u00e8s appr\u00e9ci\u00e9 des enfants et des jeunes consommateurs et pr\u00e9sente un grand attrait.<\/li>\n\n<li><strong>Sucr\u00e9, double plaisir gustatif : <\/strong>Ce bonbon mou en vrac est d\u00e9licatement enrob\u00e9 de sucre \u00e0 l'ext\u00e9rieur, et le noyau int\u00e9rieur est moelleux \u00e0 souhait. Il a d'abord un go\u00fbt sucr\u00e9, puis un go\u00fbt dur, ce qui donne une riche impression de superposition, et on ne peut pas s'arr\u00eater de le manger.<\/li>\n\n<li><strong>Une vari\u00e9t\u00e9 de saveurs fruit\u00e9es, sucr\u00e9es et acides : <\/strong>Nos bonbons gommeux aux champignons en vrac ont plusieurs saveurs de fruits frais dont l'\u00e9quilibre entre le sucr\u00e9 et l'acide convient \u00e0 tous les \u00e2ges.<\/li>\n\n<li><strong>Fournir une assistance pour la vente en gros et la personnalisation de la marque : <\/strong>Nos bonbons mous en vrac sont personnalis\u00e9s pour les acheteurs en gros et les acheteurs de marque, et nous pouvons fournir une personnalisation de marque priv\u00e9e pour r\u00e9pondre de mani\u00e8re dynamique aux diff\u00e9rents besoins des diff\u00e9rents canaux de vente, c'est-\u00e0-dire les supermarch\u00e9s, les magasins de snacks, les coffrets cadeaux, etc.<\/li>\n\n<li><strong>Convient aux ventes multi-sc\u00e8nes :<\/strong> Qu'il s'agisse d'une armoire \u00e0 friandises, d'une zone de confiserie pour une f\u00eate ou d'un emballage pour un cadeau de vacances, nos bonbons g\u00e9lifi\u00e9s en vrac peuvent \u00eatre facilement int\u00e9gr\u00e9s pour am\u00e9liorer la valeur ajout\u00e9e du produit et l'exp\u00e9rience du consommateur.<\/li><\/ul><\/div>\n\n<div class=\"wp-block-column is-layout-flow wp-block-column-is-layout-flow\"><figure class=\"wp-block-image size-full\"><img decoding=\"async\" width=\"800\" height=\"800\" src=\"https:\/\/www.lechaocandy.com\/wp-content\/uploads\/2025\/05\/Sugar-Coated-Mushroom-Gummy-Bulk-Chewy-Candy-Wholesale-2.webp\" alt=\"Champignon enrob\u00e9 de sucre Gummy Bulk, Chewy Candy Wholesale-2\" class=\"wp-image-889\" srcset=\"https:\/\/www.lechaocandy.com\/wp-content\/uploads\/2025\/05\/Sugar-Coated-Mushroom-Gummy-Bulk-Chewy-Candy-Wholesale-2.webp 800w, https:\/\/www.lechaocandy.com\/wp-content\/uploads\/2025\/05\/Sugar-Coated-Mushroom-Gummy-Bulk-Chewy-Candy-Wholesale-2-300x300.webp 300w, https:\/\/www.lechaocandy.com\/wp-content\/uploads\/2025\/05\/Sugar-Coated-Mushroom-Gummy-Bulk-Chewy-Candy-Wholesale-2-150x150.webp 150w, https:\/\/www.lechaocandy.com\/wp-content\/uploads\/2025\/05\/Sugar-Coated-Mushroom-Gummy-Bulk-Chewy-Candy-Wholesale-2-768x768.webp 768w, https:\/\/www.lechaocandy.com\/wp-content\/uploads\/2025\/05\/Sugar-Coated-Mushroom-Gummy-Bulk-Chewy-Candy-Wholesale-2-600x600.webp 600w, https:\/\/www.lechaocandy.com\/wp-content\/uploads\/2025\/05\/Sugar-Coated-Mushroom-Gummy-Bulk-Chewy-Candy-Wholesale-2-100x100.webp 100w\" sizes=\"(max-width: 800px) 100vw, 800px\" \/><\/figure><\/div><\/div>","protected":false},"excerpt":{"rendered":"<p>Bienvenue sur le march\u00e9 des bonbons mous en vrac. Ce champignon g\u00e9lifi\u00e9 m\u00e9lang\u00e9 \u00e0 du sucre en vrac a une forme mignonne de champignon avec une enveloppe enrob\u00e9e de sucre et un noyau fruit\u00e9 et moelleux. Il a une belle apparence et convient aux ventes en gros et \u00e0 la personnalisation des marques. Il est largement utilis\u00e9 sur les march\u00e9s de la vente au d\u00e9tail, des cadeaux de No\u00ebl et des snacks.<\/p>\n<table style=\"border-collapse: collapse; width: 329.02pt;\" border=\"0\" width=\"329\" cellspacing=\"0\" cellpadding=\"0\">\n<tbody>\n<tr style=\"height: 17.60pt;\">\n<td class=\"et2\" style=\"height: 17.60pt; width: 110.80pt;\" width=\"110\" height=\"17\">Fabricant<\/td>\n<td class=\"et2\" style=\"width: 219.15pt;\" width=\"219\">LeChao Candy<\/td>\n<\/tr>\n<tr style=\"height: 18.00pt;\">\n<td class=\"et2\" style=\"height: 18.00pt;\" height=\"18\">Type de produit<\/td>\n<td class=\"et3\" style=\"width: 219.15pt;\" width=\"219\">Bonbons g\u00e9lifi\u00e9s aux champignons<\/td>\n<\/tr>\n<tr style=\"height: 18.00pt;\">\n<td class=\"et2\" style=\"height: 18.00pt;\" height=\"18\">Le go\u00fbt<\/td>\n<td class=\"et3\" style=\"width: 219.15pt;\" width=\"219\">Aigre-doux et r\u00e9silient<\/td>\n<\/tr>\n<tr style=\"height: 17.60pt;\">\n<td class=\"et2\" style=\"height: 17.60pt;\" height=\"17\">Sp\u00e9cifications<\/td>\n<td class=\"et2\">10gx24bagsx24boxes<\/td>\n<\/tr>\n<tr style=\"height: 17.60pt;\">\n<td class=\"et2\" style=\"height: 17.60pt;\" height=\"17\">Taille du carton<\/td>\n<td class=\"et2\">37x33x29cm<\/td>\n<\/tr>\n<tr style=\"height: 17.60pt;\">\n<td class=\"et2\" style=\"height: 17.60pt;\" height=\"17\">N.W.\/Carton<\/td>\n<td class=\"et2\">7,0 kg<\/td>\n<\/tr>\n<tr style=\"height: 17.60pt;\">\n<td class=\"et2\" style=\"height: 17.60pt;\" height=\"17\">Prix<\/td>\n<td class=\"et2\">26.5USD<\/td>\n<\/tr>\n<tr style=\"height: 17.60pt;\">\n<td class=\"et2\" style=\"height: 17.60pt;\" height=\"17\">MOQ<\/td>\n<td class=\"et2\">500CTNS<\/td>\n<\/tr>\n<tr style=\"height: 17.60pt;\">\n<td class=\"et2\" style=\"height: 17.60pt;\" height=\"17\">\u00c9chantillon<\/td>\n<td class=\"et2\">Disponible<\/td>\n<\/tr>\n<\/tbody>\n<\/table>","protected":false},"featured_media":888,"comment_status":"open","ping_status":"closed","template":"","meta":{"_acf_changed":false},"product_brand":[],"product_cat":[19,28],"product_tag":[],"class_list":{"0":"post-887","1":"product","2":"type-product","3":"status-publish","4":"has-post-thumbnail","6":"product_cat-wholesale-gummy-manufacturer","7":"product_cat-bulk-sour-gummies","9":"first","10":"instock","11":"shipping-taxable","12":"product-type-simple"},"acf":[],"_links":{"self":[{"href":"https:\/\/www.lechaocandy.com\/fr\/wp-json\/wp\/v2\/product\/887","targetHints":{"allow":["GET"]}}],"collection":[{"href":"https:\/\/www.lechaocandy.com\/fr\/wp-json\/wp\/v2\/product"}],"about":[{"href":"https:\/\/www.lechaocandy.com\/fr\/wp-json\/wp\/v2\/types\/product"}],"replies":[{"embeddable":true,"href":"https:\/\/www.lechaocandy.com\/fr\/wp-json\/wp\/v2\/comments?post=887"}],"wp:featuredmedia":[{"embeddable":true,"href":"https:\/\/www.lechaocandy.com\/fr\/wp-json\/wp\/v2\/media\/888"}],"wp:attachment":[{"href":"https:\/\/www.lechaocandy.com\/fr\/wp-json\/wp\/v2\/media?parent=887"}],"wp:term":[{"taxonomy":"product_brand","embeddable":true,"href":"https:\/\/www.lechaocandy.com\/fr\/wp-json\/wp\/v2\/product_brand?post=887"},{"taxonomy":"product_cat","embeddable":true,"href":"https:\/\/www.lechaocandy.com\/fr\/wp-json\/wp\/v2\/product_cat?post=887"},{"taxonomy":"product_tag","embeddable":true,"href":"https:\/\/www.lechaocandy.com\/fr\/wp-json\/wp\/v2\/product_tag?post=887"}],"curies":[{"name":"wp","href":"https:\/\/api.w.org\/{rel}","templated":true}]}}