{"id":892,"date":"2025-05-23T03:16:39","date_gmt":"2025-05-23T03:16:39","guid":{"rendered":"https:\/\/www.lechaocandy.com\/?post_type=product&#038;p=892"},"modified":"2026-04-09T02:20:41","modified_gmt":"2026-04-09T02:20:41","slug":"bulk-chewy-candy","status":"publish","type":"product","link":"https:\/\/www.lechaocandy.com\/fr\/produit\/bulk-chewy-candy\/","title":{"rendered":"Brain Shape Bulk Chewy Candy, Filled Gummy Candy Wholesale"},"content":{"rendered":"<div class=\"wp-block-columns is-layout-flex wp-container-core-columns-is-layout-9d6595d7 wp-block-columns-is-layout-flex\"><div class=\"wp-block-column is-layout-flow wp-block-column-is-layout-flow\"><h2 class=\"wp-block-heading\">Points forts du produit Brain Shape Bulk Chewy Candy (bonbons \u00e0 m\u00e2cher en vrac)<\/h2>\n\n<ul class=\"wp-block-list\"><li><strong>Design en forme de cerveau, tr\u00e8s amusant : <\/strong>Ce bonbon \u00e0 m\u00e2cher en vrac en forme de cerveau est r\u00e9aliste, cr\u00e9atif, int\u00e9ressant, visuellement percutant et attrayant, et convient particuli\u00e8rement aux festivals et aux f\u00eates.<\/li>\n\n<li><strong>Garniture \u00e9clatante, double go\u00fbt : <\/strong>Ces bonbons g\u00e9lifi\u00e9s contiennent de la confiture, le jus d\u00e9borde apr\u00e8s avoir \u00e9t\u00e9 croqu\u00e9, l'ext\u00e9rieur est moelleux et l'int\u00e9rieur est lisse, avec des couches riches, apportant une exp\u00e9rience surprenante d'\u00e9clatement.<\/li>\n\n<li><strong>Trois couleurs, color\u00e9es et attrayantes : <\/strong>Ce bonbon \u00e0 m\u00e2cher en vrac est disponible en trois couleurs (rouge, bleu et vert), avec un fort impact visuel et une apparence \u00e9l\u00e9gante, ce qui renforce le plaisir de grignoter et de partager la joie.<\/li>\n\n<li><strong>Saveur fruit\u00e9e riche, douce et non grasse : <\/strong>Notre grossiste en bonbons g\u00e9lifi\u00e9s fourr\u00e9s \u00e0 la confiture s\u00e9lectionne un m\u00e9lange de saveurs fruit\u00e9es, avec une douceur et une acidit\u00e9 appropri\u00e9es, et un ar\u00f4me fort pour r\u00e9pondre aux besoins du palais des enfants et des jeunes consommateurs.<\/li>\n\n<li><strong>Prise en charge de la vente en gros et de la personnalisation des marques : <\/strong>Nos bonbons \u00e0 m\u00e2cher en vrac peuvent fournir des services de personnalisation en gros et sous marque de distributeur qui conviennent aux supermarch\u00e9s, aux confiseries, aux vendeurs en ligne et aux centres d'achat de cadeaux de vacances, ce qui permet de cr\u00e9er une gamme de produits d'en-cas personnalis\u00e9s.<\/li><\/ul><\/div>\n\n<div class=\"wp-block-column is-layout-flow wp-block-column-is-layout-flow\"><figure class=\"wp-block-image size-full\"><img decoding=\"async\" width=\"750\" height=\"800\" src=\"https:\/\/www.lechaocandy.com\/wp-content\/uploads\/2025\/05\/Brain-Shape-Bulk-Chewy-Candy-Jam-Filled-Gummy-Candy-3.webp\" alt=\"Brain Shape Bonbons \u00e0 m\u00e2cher en vrac, bonbons g\u00e9lifi\u00e9s fourr\u00e9s \u00e0 la confiture-3\" class=\"wp-image-895\" srcset=\"https:\/\/www.lechaocandy.com\/wp-content\/uploads\/2025\/05\/Brain-Shape-Bulk-Chewy-Candy-Jam-Filled-Gummy-Candy-3.webp 750w, https:\/\/www.lechaocandy.com\/wp-content\/uploads\/2025\/05\/Brain-Shape-Bulk-Chewy-Candy-Jam-Filled-Gummy-Candy-3-281x300.webp 281w, https:\/\/www.lechaocandy.com\/wp-content\/uploads\/2025\/05\/Brain-Shape-Bulk-Chewy-Candy-Jam-Filled-Gummy-Candy-3-600x640.webp 600w\" sizes=\"(max-width: 750px) 100vw, 750px\" \/><\/figure><\/div><\/div>","protected":false},"excerpt":{"rendered":"<p>Bienvenue \u00e0 l'achat de bonbons \u00e0 m\u00e2cher en vrac. Ce bonbon gommeux en forme de cerveau et rempli de confiture en gros combine des formes cr\u00e9atives avec de la confiture de baies \u00e9clatante. Les couleurs rouge, bleu et vert sont \u00e9blouissantes, sucr\u00e9es et acidul\u00e9es, et pleines d'humour. Ils conviennent aux magasins de snacks, aux activit\u00e9s festives et \u00e0 la personnalisation des marques. Il s'agit d'un choix de bonbons accrocheur et d\u00e9licieux.<\/p>\n<table style=\"border-collapse: collapse; width: 329.02pt;\" border=\"0\" width=\"329\" cellspacing=\"0\" cellpadding=\"0\">\n<tbody>\n<tr style=\"height: 17.60pt;\">\n<td class=\"et2\" style=\"height: 17.60pt; width: 110.80pt;\" width=\"110\" height=\"17\">Fabricant<\/td>\n<td class=\"et2\" style=\"width: 219.15pt;\" width=\"219\">LeChao Candy<\/td>\n<\/tr>\n<tr style=\"height: 18.00pt;\">\n<td class=\"et2\" style=\"height: 18.00pt;\" height=\"18\">Type de produit<\/td>\n<td class=\"et3\" style=\"width: 219.15pt;\" width=\"219\">Bonbons g\u00e9lifi\u00e9s \u00e0 la confiture et au cerveau<\/td>\n<\/tr>\n<tr style=\"height: 18.00pt;\">\n<td class=\"et2\" style=\"height: 18.00pt;\" height=\"18\">Le go\u00fbt<\/td>\n<td class=\"et3\" style=\"width: 219.15pt;\" width=\"219\">Douceur et r\u00e9sistance<\/td>\n<\/tr>\n<tr style=\"height: 17.60pt;\">\n<td class=\"et2\" style=\"height: 17.60pt;\" height=\"17\">Sp\u00e9cifications<\/td>\n<td class=\"et2\">118gx48bags<\/td>\n<\/tr>\n<tr style=\"height: 17.60pt;\">\n<td class=\"et2\" style=\"height: 17.60pt;\" height=\"17\">Taille du carton<\/td>\n<td class=\"et2\">39*26*23cm<\/td>\n<\/tr>\n<tr style=\"height: 17.60pt;\">\n<td class=\"et2\" style=\"height: 17.60pt;\" height=\"17\">N.W.\/Carton<\/td>\n<td class=\"et2\">8,0 kg<\/td>\n<\/tr>\n<tr style=\"height: 17.60pt;\">\n<td class=\"et2\" style=\"height: 17.60pt;\" height=\"17\">Prix<\/td>\n<td class=\"et2\">24USD<\/td>\n<\/tr>\n<tr style=\"height: 17.60pt;\">\n<td class=\"et2\" style=\"height: 17.60pt;\" height=\"17\">MOQ<\/td>\n<td class=\"et2\">500CTNS<\/td>\n<\/tr>\n<tr style=\"height: 17.60pt;\">\n<td class=\"et2\" style=\"height: 17.60pt;\" height=\"17\">\u00c9chantillon<\/td>\n<td class=\"et2\">Disponible<\/td>\n<\/tr>\n<\/tbody>\n<\/table>","protected":false},"featured_media":894,"comment_status":"open","ping_status":"closed","template":"","meta":{"_acf_changed":false},"product_brand":[],"product_cat":[27,19],"product_tag":[41],"class_list":{"0":"post-892","1":"product","2":"type-product","3":"status-publish","4":"has-post-thumbnail","6":"product_cat-filled-gummy-candies-supplier","7":"product_cat-wholesale-gummy-manufacturer","8":"product_tag-wholesale-halloween-gummies","10":"first","11":"instock","12":"shipping-taxable","13":"product-type-simple"},"acf":[],"_links":{"self":[{"href":"https:\/\/www.lechaocandy.com\/fr\/wp-json\/wp\/v2\/product\/892","targetHints":{"allow":["GET"]}}],"collection":[{"href":"https:\/\/www.lechaocandy.com\/fr\/wp-json\/wp\/v2\/product"}],"about":[{"href":"https:\/\/www.lechaocandy.com\/fr\/wp-json\/wp\/v2\/types\/product"}],"replies":[{"embeddable":true,"href":"https:\/\/www.lechaocandy.com\/fr\/wp-json\/wp\/v2\/comments?post=892"}],"wp:featuredmedia":[{"embeddable":true,"href":"https:\/\/www.lechaocandy.com\/fr\/wp-json\/wp\/v2\/media\/894"}],"wp:attachment":[{"href":"https:\/\/www.lechaocandy.com\/fr\/wp-json\/wp\/v2\/media?parent=892"}],"wp:term":[{"taxonomy":"product_brand","embeddable":true,"href":"https:\/\/www.lechaocandy.com\/fr\/wp-json\/wp\/v2\/product_brand?post=892"},{"taxonomy":"product_cat","embeddable":true,"href":"https:\/\/www.lechaocandy.com\/fr\/wp-json\/wp\/v2\/product_cat?post=892"},{"taxonomy":"product_tag","embeddable":true,"href":"https:\/\/www.lechaocandy.com\/fr\/wp-json\/wp\/v2\/product_tag?post=892"}],"curies":[{"name":"wp","href":"https:\/\/api.w.org\/{rel}","templated":true}]}}