{"id":906,"date":"2025-05-23T06:17:26","date_gmt":"2025-05-23T06:17:26","guid":{"rendered":"https:\/\/www.lechaocandy.com\/?post_type=product&#038;p=906"},"modified":"2025-05-23T06:48:03","modified_gmt":"2025-05-23T06:48:03","slug":"bulk-gummy","status":"publish","type":"product","link":"https:\/\/www.lechaocandy.com\/fr\/produit\/bulk-gummy\/","title":{"rendered":"Chewy 3D Bulk Gummy Ducks, Soft Gummy Candy Wholesale"},"content":{"rendered":"<div class=\"wp-block-columns is-layout-flex wp-container-core-columns-is-layout-9d6595d7 wp-block-columns-is-layout-flex\"><div class=\"wp-block-column is-layout-flow wp-block-column-is-layout-flow\"><h2 class=\"wp-block-heading\">Points forts du produit 3D Bulk Gummy Duck<\/h2>\n\n<ul class=\"wp-block-list\"><li><strong>La forme tridimensionnelle du canard est tr\u00e8s mignonne et attire l'attention : <\/strong>Ces exquis canards en gomme 3D en vrac sont vivants et mignons, tr\u00e8s int\u00e9ressants et reconnaissables, et constituent un choix populaire pour les pr\u00e9sentations d'encas et les festivals.<\/li>\n\n<li><strong>Bicoloration, saveurs diff\u00e9rentes pour la t\u00eate et le corps : <\/strong>La t\u00eate et le corps du canard de ces bonbons g\u00e9lifi\u00e9s en gros utilisent diff\u00e9rentes combinaisons de couleurs et d'ar\u00f4mes, un bonbon a deux exp\u00e9riences, apportant un double plaisir de la vue et du go\u00fbt, plein d'amusement.<\/li>\n\n<li><strong>Doux et moelleux, go\u00fbt riche : <\/strong>Nos canards g\u00e9lifi\u00e9s en vrac utilisent une formule g\u00e9lifi\u00e9e sp\u00e9ciale, \u00e0 mastication mod\u00e9r\u00e9e, douce en bouche et de plus en plus d\u00e9licieuse, adapt\u00e9e aux enfants, aux adolescents et aux amateurs de bonbons.<\/li>\n\n<li><strong>Une vari\u00e9t\u00e9 de saveurs fruit\u00e9es, sucr\u00e9es et acides : <\/strong>Nos bonbons g\u00e9lifi\u00e9s en gros comprennent des fraises, des oranges, des pommes vertes, des myrtilles et d'autres combinaisons fruit\u00e9es, avec un riche ar\u00f4me fruit\u00e9, pour r\u00e9pondre aux diff\u00e9rentes pr\u00e9f\u00e9rences gustatives, et conviennent \u00e0 tous les \u00e2ges.<\/li>\n\n<li><strong>Grande quantit\u00e9 en gros, prise en charge des \u00e9tiquettes personnalis\u00e9es : <\/strong>Nos canards g\u00e9lifi\u00e9s en vrac sont vendus en gros et sous marque de distributeur. Ils conviennent aux supermarch\u00e9s, au commerce \u00e9lectronique, aux sacs-cadeaux pour les f\u00eates, aux bo\u00eetes-cadeaux pour les vacances et \u00e0 la promotion de la personnalisation des marques.<\/li><\/ul><\/div>\n\n<div class=\"wp-block-column is-layout-flow wp-block-column-is-layout-flow\"><figure class=\"wp-block-image size-full\"><img decoding=\"async\" width=\"750\" height=\"800\" src=\"https:\/\/www.lechaocandy.com\/wp-content\/uploads\/2025\/05\/Chewy-3D-Bulk-Gummy-Ducks-Soft-Gummy-Candy-Wholesale-1.webp\" alt=\"Chewy 3D Bulk Gummy Ducks, bonbons g\u00e9lifi\u00e9s mous en gros-1\" class=\"wp-image-907\" srcset=\"https:\/\/www.lechaocandy.com\/wp-content\/uploads\/2025\/05\/Chewy-3D-Bulk-Gummy-Ducks-Soft-Gummy-Candy-Wholesale-1.webp 750w, https:\/\/www.lechaocandy.com\/wp-content\/uploads\/2025\/05\/Chewy-3D-Bulk-Gummy-Ducks-Soft-Gummy-Candy-Wholesale-1-281x300.webp 281w, https:\/\/www.lechaocandy.com\/wp-content\/uploads\/2025\/05\/Chewy-3D-Bulk-Gummy-Ducks-Soft-Gummy-Candy-Wholesale-1-600x640.webp 600w\" sizes=\"(max-width: 750px) 100vw, 750px\" \/><\/figure><\/div><\/div>","protected":false},"excerpt":{"rendered":"<p>Bienvenue pour acheter des bonbons g\u00e9lifi\u00e9s en gros. Nos bonbons g\u00e9lifi\u00e9s 3D en vrac sont d'adorables dessins tridimensionnels avec des couleurs et des saveurs doubles. Ils sont color\u00e9s et fruit\u00e9s, conviennent aux march\u00e9s de d\u00e9tail et de gros et sont id\u00e9aux pour cr\u00e9er des lignes de produits de bonbons personnalis\u00e9s.<\/p>\n<table style=\"border-collapse: collapse; width: 329.02pt;\" border=\"0\" width=\"329\" cellspacing=\"0\" cellpadding=\"0\">\n<tbody>\n<tr style=\"height: 17.60pt;\">\n<td class=\"et2\" style=\"height: 17.60pt; width: 110.80pt;\" width=\"110\" height=\"17\">Fabricant<\/td>\n<td class=\"et2\" style=\"width: 219.15pt;\" width=\"219\">LeChao Candy<\/td>\n<\/tr>\n<tr style=\"height: 18.00pt;\">\n<td class=\"et2\" style=\"height: 18.00pt;\" height=\"18\">Type de produit<\/td>\n<td class=\"et3\" style=\"width: 219.15pt;\" width=\"219\">Bonbons 3D en forme d'oursons g\u00e9lifi\u00e9s<\/td>\n<\/tr>\n<tr style=\"height: 18.00pt;\">\n<td class=\"et2\" style=\"height: 18.00pt;\" height=\"18\">Le go\u00fbt<\/td>\n<td class=\"et3\" style=\"width: 219.15pt;\" width=\"219\">Aigre-doux et r\u00e9silient<\/td>\n<\/tr>\n<tr style=\"height: 17.60pt;\">\n<td class=\"et2\" style=\"height: 17.60pt;\" height=\"17\">Sp\u00e9cifications<\/td>\n<td class=\"et2\">118gX48boxes<\/td>\n<\/tr>\n<tr style=\"height: 17.60pt;\">\n<td class=\"et2\" style=\"height: 17.60pt;\" height=\"17\">Taille du carton<\/td>\n<td class=\"et2\">39X26X23cm<\/td>\n<\/tr>\n<tr style=\"height: 17.60pt;\">\n<td class=\"et2\" style=\"height: 17.60pt;\" height=\"17\">N.W.\/Carton<\/td>\n<td class=\"et2\">7,6 kg<\/td>\n<\/tr>\n<tr style=\"height: 17.60pt;\">\n<td class=\"et2\" style=\"height: 17.60pt;\" height=\"17\">Prix<\/td>\n<td class=\"et2\">0.55-0.57USD\/par sac<\/td>\n<\/tr>\n<tr style=\"height: 17.60pt;\">\n<td class=\"et2\" style=\"height: 17.60pt;\" height=\"17\">MOQ<\/td>\n<td class=\"et2\">800CTNS<\/td>\n<\/tr>\n<tr style=\"height: 17.60pt;\">\n<td class=\"et2\" style=\"height: 17.60pt;\" height=\"17\">\u00c9chantillon<\/td>\n<td class=\"et2\">Disponible<\/td>\n<\/tr>\n<\/tbody>\n<\/table>","protected":false},"featured_media":910,"comment_status":"open","ping_status":"closed","template":"","meta":{"_acf_changed":false},"product_brand":[],"product_cat":[19,24],"product_tag":[],"class_list":{"0":"post-906","1":"product","2":"type-product","3":"status-publish","4":"has-post-thumbnail","6":"product_cat-wholesale-gummy-manufacturer","7":"product_cat-3d-gummy-candy-manufacturer","9":"first","10":"instock","11":"shipping-taxable","12":"product-type-simple"},"acf":[],"_links":{"self":[{"href":"https:\/\/www.lechaocandy.com\/fr\/wp-json\/wp\/v2\/product\/906","targetHints":{"allow":["GET"]}}],"collection":[{"href":"https:\/\/www.lechaocandy.com\/fr\/wp-json\/wp\/v2\/product"}],"about":[{"href":"https:\/\/www.lechaocandy.com\/fr\/wp-json\/wp\/v2\/types\/product"}],"replies":[{"embeddable":true,"href":"https:\/\/www.lechaocandy.com\/fr\/wp-json\/wp\/v2\/comments?post=906"}],"wp:featuredmedia":[{"embeddable":true,"href":"https:\/\/www.lechaocandy.com\/fr\/wp-json\/wp\/v2\/media\/910"}],"wp:attachment":[{"href":"https:\/\/www.lechaocandy.com\/fr\/wp-json\/wp\/v2\/media?parent=906"}],"wp:term":[{"taxonomy":"product_brand","embeddable":true,"href":"https:\/\/www.lechaocandy.com\/fr\/wp-json\/wp\/v2\/product_brand?post=906"},{"taxonomy":"product_cat","embeddable":true,"href":"https:\/\/www.lechaocandy.com\/fr\/wp-json\/wp\/v2\/product_cat?post=906"},{"taxonomy":"product_tag","embeddable":true,"href":"https:\/\/www.lechaocandy.com\/fr\/wp-json\/wp\/v2\/product_tag?post=906"}],"curies":[{"name":"wp","href":"https:\/\/api.w.org\/{rel}","templated":true}]}}