{"id":913,"date":"2025-05-23T06:48:34","date_gmt":"2025-05-23T06:48:34","guid":{"rendered":"https:\/\/www.lechaocandy.com\/?post_type=product&#038;p=913"},"modified":"2025-05-23T07:03:57","modified_gmt":"2025-05-23T07:03:57","slug":"gummy-sweets-bulk","status":"publish","type":"product","link":"https:\/\/www.lechaocandy.com\/fr\/produit\/gummy-sweets-bulk\/","title":{"rendered":"3D Rabbit Gummy Sweets Bulk Supply, Wholesale Soft Candies (bonbons mous)"},"content":{"rendered":"<div class=\"wp-block-columns is-layout-flex wp-container-core-columns-is-layout-9d6595d7 wp-block-columns-is-layout-flex\"><div class=\"wp-block-column is-layout-flow wp-block-column-is-layout-flow\"><h2 class=\"wp-block-heading\">Points forts du produit 3D Rabbit Gummy Sweets Bulk<\/h2>\n\n<ul class=\"wp-block-list\"><li><strong>Forme tridimensionnelle en 3D, mignonne et amusante : <\/strong>Ces bonbons g\u00e9lifi\u00e9s en vrac adoptent des formes de lapin mignon, des dessins tridimensionnels et vifs, des effets visuels exceptionnels, une forte attractivit\u00e9, et conviennent particuli\u00e8rement aux go\u00fbters pour enfants et aux sc\u00e8nes de festival.<\/li>\n\n<li><strong>Deux couleurs et deux saveurs, une combinaison surprenante : <\/strong>La t\u00eate et le corps du lapin pr\u00e9sentent des couleurs et des ar\u00f4mes de fruits diff\u00e9rents, ce qui permet une double exp\u00e9rience gustative : un seul bonbon, deux plaisirs.<\/li>\n\n<li><strong>Doux et moelleux, plus on le m\u00e2che, plus il est parfum\u00e9 :<\/strong> Nos bonbons g\u00e9lifi\u00e9s en vrac ont une texture mod\u00e9r\u00e9ment souple, un go\u00fbt riche, \u00e9lastique et non collant, ce qui fait que les gens tombent amoureux de ces bonbons d\u00e8s qu'ils les mangent.<\/li>\n\n<li><strong>Une vari\u00e9t\u00e9 de saveurs fruit\u00e9es, des choix color\u00e9s :<\/strong> Nos bonbons mous en gros combinent une vari\u00e9t\u00e9 de saveurs fruit\u00e9es populaires, avec un ar\u00f4me fort et un go\u00fbt sucr\u00e9 mod\u00e9r\u00e9, qui conviennent aux consommateurs de tous \u00e2ges.<\/li>\n\n<li><strong>Convient \u00e0 la personnalisation en gros et \u00e0 une large application : <\/strong>Nous fournissons des services d'approvisionnement en gros volumes et des services OEM pour les bonbons g\u00e9lifi\u00e9s en vrac, qui conviennent aux terminaux de vente au d\u00e9tail, aux plateformes de commerce \u00e9lectronique, aux coffrets cadeaux festifs et aux activit\u00e9s de promotion de la marque.<\/li><\/ul><\/div>\n\n<div class=\"wp-block-column is-layout-flow wp-block-column-is-layout-flow\"><figure class=\"wp-block-image size-full\"><img decoding=\"async\" width=\"750\" height=\"800\" src=\"https:\/\/www.lechaocandy.com\/wp-content\/uploads\/2025\/05\/3D-Rabbit-Gummy-Sweets-Bulk-Supply-Wholesale-Soft-Candies-1.webp\" alt=\"3D Rabbit Gummy Sweets Bulk Supply, Wholesale Soft Candies-1\" class=\"wp-image-914\" srcset=\"https:\/\/www.lechaocandy.com\/wp-content\/uploads\/2025\/05\/3D-Rabbit-Gummy-Sweets-Bulk-Supply-Wholesale-Soft-Candies-1.webp 750w, https:\/\/www.lechaocandy.com\/wp-content\/uploads\/2025\/05\/3D-Rabbit-Gummy-Sweets-Bulk-Supply-Wholesale-Soft-Candies-1-281x300.webp 281w, https:\/\/www.lechaocandy.com\/wp-content\/uploads\/2025\/05\/3D-Rabbit-Gummy-Sweets-Bulk-Supply-Wholesale-Soft-Candies-1-600x640.webp 600w\" sizes=\"(max-width: 750px) 100vw, 750px\" \/><\/figure><\/div><\/div>","protected":false},"excerpt":{"rendered":"<p>Nous vous invitons \u00e0 acheter des bonbons mous en gros. Nos bonbons gommeux lapin 3D en vrac sont pr\u00e9sent\u00e9s dans des formes 3D exquises, avec diff\u00e9rents ar\u00f4mes et couleurs de fruits pour la t\u00eate et le corps, et une apparence vive et int\u00e9ressante. Le go\u00fbt doux et moelleux combin\u00e9 \u00e0 l'ar\u00f4me fruit\u00e9 aigre-doux est non seulement d\u00e9licieux mais aussi amusant.<\/p>\n<table style=\"border-collapse: collapse; width: 329.02pt;\" border=\"0\" width=\"329\" cellspacing=\"0\" cellpadding=\"0\">\n<tbody>\n<tr style=\"height: 17.60pt;\">\n<td class=\"et2\" style=\"height: 17.60pt; width: 110.80pt;\" width=\"110\" height=\"17\">Fabricant<\/td>\n<td class=\"et2\" style=\"width: 219.15pt;\" width=\"219\">LeChao Candy<\/td>\n<\/tr>\n<tr style=\"height: 18.00pt;\">\n<td class=\"et2\" style=\"height: 18.00pt;\" height=\"18\">Type de produit<\/td>\n<td class=\"et3\" style=\"width: 219.15pt;\" width=\"219\">Bonbons g\u00e9lifi\u00e9s 3D au lapin<\/td>\n<\/tr>\n<tr style=\"height: 18.00pt;\">\n<td class=\"et2\" style=\"height: 18.00pt;\" height=\"18\">Le go\u00fbt<\/td>\n<td class=\"et3\" style=\"width: 219.15pt;\" width=\"219\">Aigre-doux et r\u00e9silient<\/td>\n<\/tr>\n<tr style=\"height: 17.60pt;\">\n<td class=\"et2\" style=\"height: 17.60pt;\" height=\"17\">Sp\u00e9cifications<\/td>\n<td class=\"et2\">118gX48boxes<\/td>\n<\/tr>\n<tr style=\"height: 17.60pt;\">\n<td class=\"et2\" style=\"height: 17.60pt;\" height=\"17\">Taille du carton<\/td>\n<td class=\"et2\">39X26X23cm<\/td>\n<\/tr>\n<tr style=\"height: 17.60pt;\">\n<td class=\"et2\" style=\"height: 17.60pt;\" height=\"17\">N.W.\/Carton<\/td>\n<td class=\"et2\">7,6 kg<\/td>\n<\/tr>\n<tr style=\"height: 17.60pt;\">\n<td class=\"et2\" style=\"height: 17.60pt;\" height=\"17\">Prix<\/td>\n<td class=\"et2\">0.55-0.57USD\/par sac<\/td>\n<\/tr>\n<tr style=\"height: 17.60pt;\">\n<td class=\"et2\" style=\"height: 17.60pt;\" height=\"17\">MOQ<\/td>\n<td class=\"et2\">800CTNS<\/td>\n<\/tr>\n<tr style=\"height: 17.60pt;\">\n<td class=\"et2\" style=\"height: 17.60pt;\" height=\"17\">\u00c9chantillon<\/td>\n<td class=\"et2\">Disponible<\/td>\n<\/tr>\n<\/tbody>\n<\/table>","protected":false},"featured_media":915,"comment_status":"open","ping_status":"closed","template":"","meta":{"_acf_changed":false},"product_brand":[],"product_cat":[19,24],"product_tag":[],"class_list":{"0":"post-913","1":"product","2":"type-product","3":"status-publish","4":"has-post-thumbnail","6":"product_cat-wholesale-gummy-manufacturer","7":"product_cat-3d-gummy-candy-manufacturer","9":"first","10":"instock","11":"shipping-taxable","12":"product-type-simple"},"acf":[],"_links":{"self":[{"href":"https:\/\/www.lechaocandy.com\/fr\/wp-json\/wp\/v2\/product\/913","targetHints":{"allow":["GET"]}}],"collection":[{"href":"https:\/\/www.lechaocandy.com\/fr\/wp-json\/wp\/v2\/product"}],"about":[{"href":"https:\/\/www.lechaocandy.com\/fr\/wp-json\/wp\/v2\/types\/product"}],"replies":[{"embeddable":true,"href":"https:\/\/www.lechaocandy.com\/fr\/wp-json\/wp\/v2\/comments?post=913"}],"wp:featuredmedia":[{"embeddable":true,"href":"https:\/\/www.lechaocandy.com\/fr\/wp-json\/wp\/v2\/media\/915"}],"wp:attachment":[{"href":"https:\/\/www.lechaocandy.com\/fr\/wp-json\/wp\/v2\/media?parent=913"}],"wp:term":[{"taxonomy":"product_brand","embeddable":true,"href":"https:\/\/www.lechaocandy.com\/fr\/wp-json\/wp\/v2\/product_brand?post=913"},{"taxonomy":"product_cat","embeddable":true,"href":"https:\/\/www.lechaocandy.com\/fr\/wp-json\/wp\/v2\/product_cat?post=913"},{"taxonomy":"product_tag","embeddable":true,"href":"https:\/\/www.lechaocandy.com\/fr\/wp-json\/wp\/v2\/product_tag?post=913"}],"curies":[{"name":"wp","href":"https:\/\/api.w.org\/{rel}","templated":true}]}}