{"id":920,"date":"2025-05-23T07:06:00","date_gmt":"2025-05-23T07:06:00","guid":{"rendered":"https:\/\/www.lechaocandy.com\/?post_type=product&#038;p=920"},"modified":"2025-05-23T07:56:58","modified_gmt":"2025-05-23T07:56:58","slug":"dinosaur-gummy-candy-bulk","status":"publish","type":"product","link":"https:\/\/www.lechaocandy.com\/fr\/produit\/dinosaur-gummy-candy-bulk\/","title":{"rendered":"Fun 4D Dinosaur Gummy Candy Bulk, Wholesale Chewy Candy"},"content":{"rendered":"<div class=\"wp-block-columns is-layout-flex wp-container-core-columns-is-layout-9d6595d7 wp-block-columns-is-layout-flex\"><div class=\"wp-block-column is-layout-flow wp-block-column-is-layout-flow\"><h2 class=\"wp-block-heading\">Points forts du produit 4D Dinosaur Gummy Candy Bulk (bonbons g\u00e9lifi\u00e9s en vrac)<\/h2>\n\n<ul class=\"wp-block-list\"><li><strong>Forme de dinosaure en 4D, tr\u00e8s amusante : <\/strong>Nos bonbons g\u00e9lifi\u00e9s dinosaures en vrac sont fabriqu\u00e9s \u00e0 l'aide d'une technologie de moulage avanc\u00e9e. Ils ont un fort impact visuel, sont tr\u00e8s amusants \u00e0 collectionner et \u00e0 manger et sont tr\u00e8s appr\u00e9ci\u00e9s des enfants et des jeunes consommateurs.<\/li>\n\n<li><strong>M\u00e9lange bicolore, double exp\u00e9rience fruit\u00e9e : <\/strong>Ces bonbons \u00e0 m\u00e2cher de gros dinosaures utilisent des couleurs et des saveurs fruit\u00e9es diff\u00e9rentes pour la t\u00eate et le corps respectivement, et un bonbon apporte deux saveurs, ce qui donne un sentiment de nouveaut\u00e9 et de surprise.<\/li>\n\n<li><strong>Doux et moelleux, go\u00fbt riche : <\/strong>Ces bonbons g\u00e9lifi\u00e9s dinosaures en vrac utilisent une formule pr\u00e9cise de bonbons mous, avec une mastication mod\u00e9r\u00e9e, sans coller, et des couches distinctes, ce qui rend chaque bouch\u00e9e pleine de plaisir et de satisfaction.<\/li>\n\n<li><strong>Ar\u00f4me fruit\u00e9 riche et couleurs vives : <\/strong>Nos bonbons \u00e0 m\u00e2cher en gros combinent une vari\u00e9t\u00e9 de saveurs fruit\u00e9es populaires, sucr\u00e9es mais non grasses, convenant \u00e0 toutes les occasions.<\/li>\n\n<li><strong>Vente en gros flexible, soutien \u00e0 la personnalisation de la marque priv\u00e9e : <\/strong>Nos bonbons g\u00e9lifi\u00e9s au dinosaure en vrac offrent des services de vente en gros et de personnalisation de la marque, adapt\u00e9s aux supermarch\u00e9s, aux plateformes de commerce \u00e9lectronique, aux promotions de vacances, aux sacs de bonbons pour les f\u00eates et \u00e0 d'autres canaux commerciaux.<\/li><\/ul><\/div>\n\n<div class=\"wp-block-column is-layout-flow wp-block-column-is-layout-flow\"><figure class=\"wp-block-image size-full\"><img decoding=\"async\" width=\"750\" height=\"800\" src=\"https:\/\/www.lechaocandy.com\/wp-content\/uploads\/2025\/05\/Fun-4D-Dinosaur-Gummy-Candy-Bulk-Wholesale-Chewy-Candy-1.webp\" alt=\"Fun 4D Dinosaur Gummy Candy Bulk, Wholesale Chewy Candy-1\" class=\"wp-image-921\" srcset=\"https:\/\/www.lechaocandy.com\/wp-content\/uploads\/2025\/05\/Fun-4D-Dinosaur-Gummy-Candy-Bulk-Wholesale-Chewy-Candy-1.webp 750w, https:\/\/www.lechaocandy.com\/wp-content\/uploads\/2025\/05\/Fun-4D-Dinosaur-Gummy-Candy-Bulk-Wholesale-Chewy-Candy-1-281x300.webp 281w, https:\/\/www.lechaocandy.com\/wp-content\/uploads\/2025\/05\/Fun-4D-Dinosaur-Gummy-Candy-Bulk-Wholesale-Chewy-Candy-1-600x640.webp 600w\" sizes=\"(max-width: 750px) 100vw, 750px\" \/><\/figure><\/div><\/div>","protected":false},"excerpt":{"rendered":"<p>Bienvenue sur le site d'achat en gros de bonbons \u00e0 m\u00e2cher. Ce bonbon gommeux dinosaure 4D en vrac est color\u00e9 et r\u00e9aliste, avec une texture \u00e0 m\u00e2cher et de multiples saveurs fruit\u00e9es. Il s'agit d'un produit de confiserie populaire qui allie l'aspect visuel, le go\u00fbt et l'amusement.<\/p>\n<table style=\"border-collapse: collapse; width: 329.02pt;\" border=\"0\" width=\"329\" cellspacing=\"0\" cellpadding=\"0\">\n<tbody>\n<tr style=\"height: 17.60pt;\">\n<td class=\"et2\" style=\"height: 17.60pt; width: 110.80pt;\" width=\"110\" height=\"17\">Fabricant<\/td>\n<td class=\"et2\" style=\"width: 219.15pt;\" width=\"219\">LeChao Candy<\/td>\n<\/tr>\n<tr style=\"height: 18.00pt;\">\n<td class=\"et2\" style=\"height: 18.00pt;\" height=\"18\">Type de produit<\/td>\n<td class=\"et3\" style=\"width: 219.15pt;\" width=\"219\">Bonbons g\u00e9lifi\u00e9s au dinosaure 4D<\/td>\n<\/tr>\n<tr style=\"height: 18.00pt;\">\n<td class=\"et2\" style=\"height: 18.00pt;\" height=\"18\">Le go\u00fbt<\/td>\n<td class=\"et3\" style=\"width: 219.15pt;\" width=\"219\">Aigre-doux et r\u00e9silient<\/td>\n<\/tr>\n<tr style=\"height: 17.60pt;\">\n<td class=\"et2\" style=\"height: 17.60pt;\" height=\"17\">Sp\u00e9cifications<\/td>\n<td class=\"et2\">118gX48boxes<\/td>\n<\/tr>\n<tr style=\"height: 17.60pt;\">\n<td class=\"et2\" style=\"height: 17.60pt;\" height=\"17\">Taille du carton<\/td>\n<td class=\"et2\">39X26X23cm<\/td>\n<\/tr>\n<tr style=\"height: 17.60pt;\">\n<td class=\"et2\" style=\"height: 17.60pt;\" height=\"17\">N.W.\/Carton<\/td>\n<td class=\"et2\">7,6 kg<\/td>\n<\/tr>\n<tr style=\"height: 17.60pt;\">\n<td class=\"et2\" style=\"height: 17.60pt;\" height=\"17\">Prix<\/td>\n<td class=\"et2\">0.55-0.57USD\/par sac<\/td>\n<\/tr>\n<tr style=\"height: 17.60pt;\">\n<td class=\"et2\" style=\"height: 17.60pt;\" height=\"17\">MOQ<\/td>\n<td class=\"et2\">800CTNS<\/td>\n<\/tr>\n<tr style=\"height: 17.60pt;\">\n<td class=\"et2\" style=\"height: 17.60pt;\" height=\"17\">\u00c9chantillon<\/td>\n<td class=\"et2\">Disponible<\/td>\n<\/tr>\n<\/tbody>\n<\/table>\n<p>&nbsp;<\/p>","protected":false},"featured_media":923,"comment_status":"open","ping_status":"closed","template":"","meta":{"_acf_changed":false},"product_brand":[],"product_cat":[24,19],"product_tag":[],"class_list":{"0":"post-920","1":"product","2":"type-product","3":"status-publish","4":"has-post-thumbnail","6":"product_cat-3d-gummy-candy-manufacturer","7":"product_cat-wholesale-gummy-manufacturer","9":"first","10":"instock","11":"shipping-taxable","12":"product-type-simple"},"acf":[],"_links":{"self":[{"href":"https:\/\/www.lechaocandy.com\/fr\/wp-json\/wp\/v2\/product\/920","targetHints":{"allow":["GET"]}}],"collection":[{"href":"https:\/\/www.lechaocandy.com\/fr\/wp-json\/wp\/v2\/product"}],"about":[{"href":"https:\/\/www.lechaocandy.com\/fr\/wp-json\/wp\/v2\/types\/product"}],"replies":[{"embeddable":true,"href":"https:\/\/www.lechaocandy.com\/fr\/wp-json\/wp\/v2\/comments?post=920"}],"wp:featuredmedia":[{"embeddable":true,"href":"https:\/\/www.lechaocandy.com\/fr\/wp-json\/wp\/v2\/media\/923"}],"wp:attachment":[{"href":"https:\/\/www.lechaocandy.com\/fr\/wp-json\/wp\/v2\/media?parent=920"}],"wp:term":[{"taxonomy":"product_brand","embeddable":true,"href":"https:\/\/www.lechaocandy.com\/fr\/wp-json\/wp\/v2\/product_brand?post=920"},{"taxonomy":"product_cat","embeddable":true,"href":"https:\/\/www.lechaocandy.com\/fr\/wp-json\/wp\/v2\/product_cat?post=920"},{"taxonomy":"product_tag","embeddable":true,"href":"https:\/\/www.lechaocandy.com\/fr\/wp-json\/wp\/v2\/product_tag?post=920"}],"curies":[{"name":"wp","href":"https:\/\/api.w.org\/{rel}","templated":true}]}}